{"id":8,"date":"2020-03-26T18:24:03","date_gmt":"2020-03-26T22:24:03","guid":{"rendered":"https:\/\/www.gestionmetropolis.ca\/?page_id=8"},"modified":"2024-06-05T14:01:07","modified_gmt":"2024-06-05T18:01:07","slug":"proprietes-residentielles","status":"publish","type":"page","link":"https:\/\/www.gestionmetropolis.ca\/fr\/proprietes-residentielles\/","title":{"rendered":"Propri\u00e9t\u00e9s r\u00e9sidentielles"},"content":{"rendered":"<div class=\"page-proprietes-residentielles\">\n<section class=\"h1-container\">\n<div class=\"container\">\n<div class=\"row align-items-center\">\n<div class=\"col-xl-7\">\n<div class=\"h1-div\">\n<div class=\"lc-block\">\n<div editable=\"rich\">\n<h1>Gestion<br \/>immobili\u00e8re Metropolis<strong>Confiez-nous la t\u00e2che de la gestion de vos propri\u00e9t\u00e9s r\u00e9sidentielles \u00e0 Gatineau.<\/strong><\/h1>\n<\/p><\/div>\n<\/p><\/div>\n<p><!-- \/lc-block --><\/p>\n<div class=\"lc-block\">\n\t\t\t\t\t\t\t<a class=\"btn contact\" href=\"#services\" role=\"button\">Renseignez-vous<br class=\"d-sm-none\"> sur nos services<\/a>\n\t\t\t\t\t\t<\/div>\n<p><!-- \/lc-block -->\n\t\t\t\t\t<\/div>\n<\/p><\/div>\n<p><!-- \/col --><\/p>\n<div class=\"col-12 col-xl-5 col-xxl-4 mt-5 mt-xl-0 mx-xl-auto\">\n<div class=\"lc-block d-xl-block d-flex flex-column flex-md-row justify-content-between justify-content-lg-around align-items-center\">\n<div lc-helper=\"shortcode\" class=\"live-shortcode\"><div class=\"avantages\"><div class=\"avantages-inner\"><h2>Avantages<\/h2><ul><li>Aucun d\u00e9p\u00f4t<\/li><li>Entreprise locale<\/li><li>Aucun engagement \u00e0 long terme<\/li><li>Aucun frais d'ouverture de dossier<\/li><\/ul><\/div><\/div><\/div>\n<\/p><\/div>\n<p><!-- \/lc-block -->\n\t\t\t\t<\/div>\n<p><!-- \/col -->\n\t\t\t<\/div>\n<\/p><\/div>\n<\/section>\n<section class=\"main-container\">\n<div class=\"container\">\n<div class=\"row align-items-center\">\n<div class=\"col-12 col-xl-7 col-xxl-6\">\n<div class=\"lc-block\">\n<div lc-helper=\"shortcode\" class=\"live-shortcode\"><div class=\"sharethis-inline-share-buttons my-4\"><\/div><\/div>\n<\/p><\/div>\n<p><!-- \/lc-block --><\/p>\n<div class=\"lc-block\">\n<div editable=\"rich\">\n<h2>Choisissez Gestion Immobili\u00e8re Metropolis pour vos propri\u00e9t\u00e9s r\u00e9sidentielles \u00e0 Gatineau!<\/h2>\n<p>Nous avons le plaisir de vous offrir un service de gestion complet et fiable \u00e0 Gatineau! En effet, notre \u00e9quipe s\u2019occupe de la location, surveillance et entretien des propri\u00e9t\u00e9s d\u00e9tenues par des pr\u00eateurs hypoth\u00e9caires ou des propri\u00e9taires. Que l\u2019immeuble soit inoccup\u00e9 \u00e0 la suite de vos vacances, une hospitalisation, un transfert d\u2019emploi, une reprise bancaire ou pour toute autre raison, vous pouvez vous fier \u00e0 Gestion Metropolis pour la tonte de la pelouse, le d\u00e9neigement, les visites r\u00e9guli\u00e8res de surveillance, etc.<\/p>\n<p>Chez Gestion immobili\u00e8re Metropolis, nous comprenons que les besoins de nos clients varient et c\u2019est pour cela que nous tenons \u00e0 offrir une vari\u00e9t\u00e9 de services. Lorsque n\u00e9cessaire, nous effectuons la mise en march\u00e9 de votre propri\u00e9t\u00e9 afin de l\u2019offrir en location. Nous nous assurons de bien conna\u00eetre la propri\u00e9t\u00e9 \u00e0 louer afin d&rsquo;en faire ressortir les avantages et utilisons des moyens publicitaires vari\u00e9s et efficaces afin de minimiser la p\u00e9riode de vacances. Chez Gestion immobili\u00e8re Metropolis, nous offrons \u00e9galement une p\u00e9riode de disponibilit\u00e9 \u00e0 toute \u00e9preuve pour les demandes de visites (jour, soir, fin de semaine) afin que les locataires potentiels obtiennent en tout temps une r\u00e9ponse de qualit\u00e9.<\/p>\n<p>En plus de nos services de gestion, nous sommes \u00e9galement appuy\u00e9s par une \u00e9quipe d\u2019entretien et de r\u00e9paration comp\u00e9tente, ce qui nous permet de nous occuper des demandes l\u00e9gitimes des locataires dans des d\u00e9lais raisonnables, 24 heures par jour, 7 jours par semaine. Nous percevons aussi tous les loyers et entamons, au besoin, les recours n\u00e9cessaires \u00e0 leur recouvrement.<\/p>\n<p>Gr\u00e2ce \u00e0 notre service de gestion de r\u00e9sidences \u00e0 Gatineau, vous aurez la tranquillit\u00e9 d\u2019esprit, car nous en faisons notre mission de prot\u00e9ger votre investissement et agir dans votre meilleur int\u00e9r\u00eat.<\/p>\n<p>N\u2019h\u00e9sitez surtout pas \u00e0 communiquer avec nous par t\u00e9l\u00e9phone au 819-682-6703 ou par courriel, si vous d\u00e9sirez avoir plus d\u2019informations<\/p>\n<\/p><\/div>\n<\/p><\/div>\n<p><!-- \/lc-block --><\/p>\n<div class=\"lc-block\">\n<div lc-helper=\"shortcode\" class=\"live-shortcode\"><a class=\"contact btn\" href=\"https:\/\/www.gestionmetropolis.ca\/fr\/contact\/\" aria-label=\"Prenez rendez-vous maintenant\">Prenez rendez-vous maintenant<\/a><\/div>\n<\/p><\/div>\n<p><!-- \/lc-block -->\n\t\t\t\t<\/div>\n<p><!-- \/col --><\/p>\n<div class=\"col-5 offset-xxl-1 d-none d-xl-block\">\n<div class=\"lc-block infinite-right\">\n\t\t\t\t\t\t<img decoding=\"async\" class=\"img-fluid jetpack-lazy-image\" src=\"https:\/\/www.gestionmetropolis.ca\/wp-content\/uploads\/2020\/04\/mini-maison.jpg\" alt=\"\" data-lazy-src=\"https:\/\/www.gestionmetropolis.ca\/wp-content\/uploads\/2020\/04\/mini-maison.jpg?is-pending-load=1\" srcset=\"data:image\/gif;base64,R0lGODlhAQABAIAAAAAAAP\/\/\/yH5BAEAAAAALAAAAAABAAEAAAIBRAA7\"><noscript><img decoding=\"async\" data-lazy-fallback=\"1\" class=\"img-fluid\" src=\"https:\/\/www.gestionmetropolis.ca\/wp-content\/uploads\/2020\/04\/mini-maison.jpg\" alt=\"\"><\/noscript>\n\t\t\t\t\t<\/div>\n<p><!-- \/lc-block -->\n\t\t\t\t<\/div>\n<p><!-- \/col -->\n\t\t\t<\/div>\n<\/p><\/div>\n<\/section>\n<section class=\"badge-container py-5\">\n<div class=\"container\">\n<div class=\"row\">\n<div class=\"col-md-12\">\n<div class=\"lc-block\">\n<div lc-helper=\"shortcode\" class=\"live-shortcode\"><div class=\"choix_consommateur\"><a href=\"https:\/\/www.ccaward.com\/fr\/les-laur\u00e9ats\/gatineau-fr\/meilleur-gestion-de-propriete\/gestion-immobiliere-metropolis-inc\/\" target=\"_blank\" rel=\"noopener\"><img decoding=\"async\" src=\"https:\/\/www.gestionmetropolis.ca\/wp-content\/themes\/yannickweb-child\/assets\/images\/awards\/choix-consommateur-fr-2026.png\" class=\"\" alt=\"\"><\/a><a href=\"https:\/\/www.ccaward.com\/fr\/les-laur\u00e9ats\/gatineau-fr\/meilleur-gestion-de-propriete\/gestion-immobiliere-metropolis-inc\/\" target=\"_blank\" rel=\"noopener\"><img decoding=\"async\" src=\"https:\/\/www.gestionmetropolis.ca\/wp-content\/themes\/yannickweb-child\/assets\/images\/awards\/choix-consommateur-fr-2025.png\" class=\"\" alt=\"\"><\/a><a href=\"https:\/\/www.ccaward.com\/fr\/les-laur\u00e9ats\/gatineau-fr\/meilleur-gestion-de-propriete\/gestion-immobiliere-metropolis-inc\/\" target=\"_blank\" rel=\"noopener\"><img decoding=\"async\" src=\"https:\/\/www.gestionmetropolis.ca\/wp-content\/themes\/yannickweb-child\/assets\/images\/awards\/choix-consommateur-fr-2024.png\" class=\"\" alt=\"\"><\/a><a href=\"https:\/\/www.ccaward.com\/fr\/les-laur\u00e9ats\/gatineau-fr\/meilleur-gestion-de-propriete\/gestion-immobiliere-metropolis-inc\/\" target=\"_blank\" rel=\"noopener\"><img decoding=\"async\" src=\"https:\/\/www.gestionmetropolis.ca\/wp-content\/themes\/yannickweb-child\/assets\/images\/awards\/choix-consommateur-fr-2023.png\" class=\"\" alt=\"\"><\/a><a href=\"https:\/\/www.ccaward.com\/fr\/les-laur\u00e9ats\/gatineau-fr\/meilleur-gestion-de-propriete\/gestion-immobiliere-metropolis-inc\/\" target=\"_blank\" rel=\"noopener\"><img decoding=\"async\" src=\"https:\/\/www.gestionmetropolis.ca\/wp-content\/themes\/yannickweb-child\/assets\/images\/awards\/choix-consommateur-fr-2022.png\" class=\"\" alt=\"\"><\/a><a href=\"https:\/\/www.ccaward.com\/fr\/les-laur\u00e9ats\/gatineau-fr\/meilleur-gestion-de-propriete\/gestion-immobiliere-metropolis-inc\/\" target=\"_blank\" rel=\"noopener\"><img decoding=\"async\" src=\"https:\/\/www.gestionmetropolis.ca\/wp-content\/themes\/yannickweb-child\/assets\/images\/awards\/choix-consommateur-fr-2020.png\" class=\"\" alt=\"\"><\/a><a href=\"https:\/\/threebestrated.ca\/fr-soci\u00e9t\u00e9s-de-gestion-immobili\u00e8re-in-gatineau-qc\" target=\"_blank\" rel=\"noopener\" class=\"d-flex\"><img src='https:\/\/threebestrated.ca\/awards-fr\/soci\u00e9t\u00e9s_de_gestion_immobili\u00e8re-gatineau-2021-drk.svg' alt=''><\/a><a href=\"https:\/\/threebestrated.ca\/fr-soci\u00e9t\u00e9s-de-gestion-immobili\u00e8re-in-gatineau-qc\" target=\"_blank\" rel=\"noopener\" class=\"d-flex\"><img src='https:\/\/threebestrated.ca\/awards-fr\/soci\u00e9t\u00e9s_de_gestion_immobili\u00e8re-gatineau-2020-drk.svg' alt=''><\/a><a><img decoding=\"async\" src=\"https:\/\/www.gestionmetropolis.ca\/wp-content\/themes\/yannickweb-child\/assets\/images\/awards\/excellence-2022.png\" class=\"award-2022\" alt=\"\"><\/a><a><img decoding=\"async\" src=\"https:\/\/www.gestionmetropolis.ca\/wp-content\/themes\/yannickweb-child\/assets\/images\/awards\/excellence-fr-2023.png\" class=\"award-2023\" alt=\"\"><\/a><a><img decoding=\"async\" src=\"https:\/\/www.gestionmetropolis.ca\/wp-content\/themes\/yannickweb-child\/assets\/images\/awards\/excellence-fr-2024.png\" class=\"award-2024\" alt=\"\"><\/a><a><img decoding=\"async\" src=\"https:\/\/www.gestionmetropolis.ca\/wp-content\/themes\/yannickweb-child\/assets\/images\/awards\/excellence-2025.png\" class=\"award-2025\" alt=\"\"><\/a><a><img decoding=\"async\" src=\"https:\/\/www.gestionmetropolis.ca\/wp-content\/themes\/yannickweb-child\/assets\/images\/awards\/excellence-fr-2026.png\" class=\"award-2026\" alt=\"\"><\/a><\/div><\/div>\n<\/p><\/div>\n<p><!-- \/lc-block -->\n\t\t\t\t<\/div>\n<p><!-- \/col -->\n\t\t\t<\/div>\n<\/p><\/div>\n<\/section>\n<section class=\"about-container\">\n<div class=\"container\">\n<div class=\"row justify-content-center text-center\">\n<div class=\"col-12 col-lg-10 col-xl-8 col-xxl-6\">\n<div class=\"lc-block\">\n<div editable=\"rich\">\n<h2>Quels sont les avantages d\u2019un service de gestion immobili\u00e8re \u00e0 Gatineau?<\/h2>\n<p>Gestion Immobili\u00e8re Metropolis est votre alli\u00e9 pour la gestion de vos propri\u00e9t\u00e9s \u00e0 Gatineau. En nous faisant confiance, vous n\u2019aurez pas \u00e0 g\u00e9rer les multiples situations qui se pr\u00e9sentent \u00e0 vous au quotidien, en tant que propri\u00e9taire. Nous nous chargeons de ce qui est n\u00e9cessaire afin de vous d\u00e9barrasser de la charge et de l\u2019angoisse. Vous aurez le soutien d\u2019une \u00e9quipe dynamique et efficace pour vous venir en aide. De plus, nos services immobiliers ne n\u00e9cessitent aucun d\u00e9p\u00f4t ou frais d\u2019ouverture de dossier et il n\u2019y a pas d\u2019engagement \u00e0 long terme.<\/p>\n<p>D\u00e9couvrez la vari\u00e9t\u00e9 de nos services en nous contactant d\u00e8s aujourd\u2019hui. Il nous fera plaisir de r\u00e9pondre \u00e0 toutes vos questions<\/p>\n<\/p><\/div>\n<\/p><\/div>\n<p><!-- \/lc-block --><\/p>\n<div class=\"lc-block\">\n<div lc-helper=\"shortcode\" class=\"live-shortcode\"><a class=\"contact btn\" href=\"https:\/\/www.gestionmetropolis.ca\/fr\/contact\/\" aria-label=\"Informez-vous sans obligation\">Informez-vous sans obligation<\/a><\/div>\n<\/p><\/div>\n<p><!-- \/lc-block -->\n\t\t\t\t<\/div>\n<p><!-- \/col -->\n\t\t\t<\/div>\n<\/p><\/div>\n<\/section>\n<section class=\"services-container\" id=\"services\">\n<div class=\"container\">\n<div class=\"row\">\n<div class=\"col\">\n<div class=\"services\">\n<div class=\"lc-block\">\n<div editable=\"rich\" class=\"text-center\">\n<h2>Nos services<\/h2>\n<p>Nous offrons une vari\u00e9t\u00e9 de services de gestion immobili\u00e8re dans la r\u00e9gion de Gatineau.<\/p>\n<\/p><\/div>\n<\/p><\/div>\n<p><!-- \/lc-block --><\/p>\n<div class=\"lc-block\">\n<div lc-helper=\"shortcode\" class=\"live-shortcode\"><ul class=\"services_pages_list row\"><li class=\"service col-12 col-xl-4 col-xxl-3\"><a class=\"service-link\" href=\"https:\/\/www.gestionmetropolis.ca\/fr\/proprietes-residentielles\/\"><span class=\"service-img\"><img decoding=\"async\" width=\"126\" height=\"126\" src=\"https:\/\/www.gestionmetropolis.ca\/wp-content\/uploads\/2020\/03\/house-icon.png\" class=\"attachment-full size-full wp-post-image\" alt=\"\" \/><\/span><span class=\"service-text\">Propri\u00e9t\u00e9s r\u00e9sidentielles<\/span><\/a><\/li><li class=\"service col-12 col-xl-4 col-xxl-3\"><a class=\"service-link\" href=\"https:\/\/www.gestionmetropolis.ca\/fr\/immeubles-locatifs\/\"><span class=\"service-img\"><img decoding=\"async\" width=\"116\" height=\"116\" src=\"https:\/\/www.gestionmetropolis.ca\/wp-content\/uploads\/2020\/03\/building-icon.png\" class=\"attachment-full size-full wp-post-image\" alt=\"\" \/><\/span><span class=\"service-text\">Immeubles locatifs<\/span><\/a><\/li><li class=\"service col-12 col-xl-4 col-xxl-3\"><a class=\"service-link\" href=\"https:\/\/www.gestionmetropolis.ca\/fr\/logements-a-louer\/\"><span class=\"service-img\"><img decoding=\"async\" width=\"120\" height=\"120\" src=\"https:\/\/www.gestionmetropolis.ca\/wp-content\/uploads\/2020\/03\/rent-icon.png\" class=\"attachment-full size-full wp-post-image\" alt=\"\" \/><\/span><span class=\"service-text\">Logements \u00e0 louer<\/span><\/a><\/li><\/ul><\/div>\n<\/p><\/div>\n<p><!-- \/lc-block -->\n\t\t\t\t\t<\/div>\n<\/p><\/div>\n<p><!-- \/col -->\n\t\t\t<\/div>\n<\/p><\/div>\n<\/section>\n<section class=\"video-container\">\n<div class=\"container\">\n<div class=\"row\">\n<div class=\"col-12\">\n<div class=\"video\">\n\t\t\t\t\t\t<video controls=\"\" preload=\"metadata\" poster=\"https:\/\/www.gestionmetropolis.ca\/wp-content\/uploads\/2020\/04\/video.png\"><source type=\"video\/mp4\" src=\"https:\/\/www.gestionmetropolis.ca\/wp-content\/uploads\/2020\/04\/Gestion-Immobiliere-Metropolis.mp4\"><\/video>\n\t\t\t\t\t<\/div>\n<\/p><\/div>\n<p><!-- \/col -->\n\t\t\t<\/div>\n<\/p><\/div>\n<\/section>\n<\/div>\n","protected":false},"excerpt":{"rendered":"<p>Gestionimmobili\u00e8re MetropolisConfiez-nous la t\u00e2che de la gestion de vos propri\u00e9t\u00e9s r\u00e9sidentielles \u00e0 Gatineau. Renseignez-vous sur nos services Choisissez Gestion Immobili\u00e8re Metropolis pour vos propri\u00e9t\u00e9s r\u00e9sidentielles \u00e0 Gatineau! Nous avons le plaisir de vous offrir un service de gestion complet et fiable \u00e0 Gatineau! En effet, notre \u00e9quipe s\u2019occupe de la location, surveillance et entretien des [&hellip;]<\/p>\n","protected":false},"author":3,"featured_media":68,"parent":0,"menu_order":1,"comment_status":"closed","ping_status":"closed","template":"","meta":{"footnotes":""},"categories":[5],"class_list":["post-8","page","type-page","status-publish","has-post-thumbnail","hentry","category-service"],"yoast_head":"<!-- This site is optimized with the Yoast SEO plugin v27.2 - https:\/\/yoast.com\/product\/yoast-seo-wordpress\/ -->\n<title>Service aux propri\u00e9t\u00e9s r\u00e9sidentielles \u00e0 Gatineau | Gestion Metropolis<\/title>\n<meta name=\"description\" content=\"Notre \u00e9quipe s\u2019occupe de la location, surveillance et entretien de vos propri\u00e9t\u00e9s en Outaouais. Fiez-vous \u00e0 Gestion Metropolis pour la tonte de la pelouse, le d\u00e9neigement, etc.\" \/>\n<meta name=\"robots\" content=\"index, follow, max-snippet:-1, max-image-preview:large, max-video-preview:-1\" \/>\n<link rel=\"canonical\" href=\"https:\/\/www.gestionmetropolis.ca\/fr\/proprietes-residentielles\/\" \/>\n<meta property=\"og:locale\" content=\"fr_FR\" \/>\n<meta property=\"og:type\" content=\"article\" \/>\n<meta property=\"og:title\" content=\"Service aux propri\u00e9t\u00e9s r\u00e9sidentielles \u00e0 Gatineau | Gestion Metropolis\" \/>\n<meta property=\"og:description\" content=\"Notre \u00e9quipe s\u2019occupe de la location, surveillance et entretien de vos propri\u00e9t\u00e9s en Outaouais. Fiez-vous \u00e0 Gestion Metropolis pour la tonte de la pelouse, le d\u00e9neigement, etc.\" \/>\n<meta property=\"og:url\" content=\"https:\/\/www.gestionmetropolis.ca\/fr\/proprietes-residentielles\/\" \/>\n<meta property=\"og:site_name\" content=\"Gestion Immobili\u00e8re Metropolis Inc\" \/>\n<meta property=\"article:modified_time\" content=\"2024-06-05T18:01:07+00:00\" \/>\n<meta property=\"og:image\" content=\"https:\/\/www.gestionmetropolis.ca\/wp-content\/uploads\/2020\/03\/house-icon.png\" \/>\n\t<meta property=\"og:image:width\" content=\"126\" \/>\n\t<meta property=\"og:image:height\" content=\"126\" \/>\n\t<meta property=\"og:image:type\" content=\"image\/png\" \/>\n<meta name=\"twitter:card\" content=\"summary_large_image\" \/>\n<meta name=\"twitter:label1\" content=\"Dur\u00e9e de lecture estim\u00e9e\" \/>\n\t<meta name=\"twitter:data1\" content=\"3 minutes\" \/>\n<script type=\"application\/ld+json\" class=\"yoast-schema-graph\">{\"@context\":\"https:\/\/schema.org\",\"@graph\":[{\"@type\":\"WebPage\",\"@id\":\"https:\/\/www.gestionmetropolis.ca\/fr\/proprietes-residentielles\/\",\"url\":\"https:\/\/www.gestionmetropolis.ca\/fr\/proprietes-residentielles\/\",\"name\":\"Service aux propri\u00e9t\u00e9s r\u00e9sidentielles \u00e0 Gatineau | Gestion Metropolis\",\"isPartOf\":{\"@id\":\"https:\/\/www.gestionmetropolis.ca\/fr\/#website\"},\"primaryImageOfPage\":{\"@id\":\"https:\/\/www.gestionmetropolis.ca\/fr\/proprietes-residentielles\/#primaryimage\"},\"image\":{\"@id\":\"https:\/\/www.gestionmetropolis.ca\/fr\/proprietes-residentielles\/#primaryimage\"},\"thumbnailUrl\":\"https:\/\/www.gestionmetropolis.ca\/wp-content\/uploads\/2020\/03\/house-icon.png\",\"datePublished\":\"2020-03-26T22:24:03+00:00\",\"dateModified\":\"2024-06-05T18:01:07+00:00\",\"description\":\"Notre \u00e9quipe s\u2019occupe de la location, surveillance et entretien de vos propri\u00e9t\u00e9s en Outaouais. Fiez-vous \u00e0 Gestion Metropolis pour la tonte de la pelouse, le d\u00e9neigement, etc.\",\"breadcrumb\":{\"@id\":\"https:\/\/www.gestionmetropolis.ca\/fr\/proprietes-residentielles\/#breadcrumb\"},\"inLanguage\":\"fr-FR\",\"potentialAction\":[{\"@type\":\"ReadAction\",\"target\":[\"https:\/\/www.gestionmetropolis.ca\/fr\/proprietes-residentielles\/\"]}]},{\"@type\":\"ImageObject\",\"inLanguage\":\"fr-FR\",\"@id\":\"https:\/\/www.gestionmetropolis.ca\/fr\/proprietes-residentielles\/#primaryimage\",\"url\":\"https:\/\/www.gestionmetropolis.ca\/wp-content\/uploads\/2020\/03\/house-icon.png\",\"contentUrl\":\"https:\/\/www.gestionmetropolis.ca\/wp-content\/uploads\/2020\/03\/house-icon.png\",\"width\":126,\"height\":126},{\"@type\":\"BreadcrumbList\",\"@id\":\"https:\/\/www.gestionmetropolis.ca\/fr\/proprietes-residentielles\/#breadcrumb\",\"itemListElement\":[{\"@type\":\"ListItem\",\"position\":1,\"name\":\"Home\",\"item\":\"https:\/\/www.gestionmetropolis.ca\/fr\/\"},{\"@type\":\"ListItem\",\"position\":2,\"name\":\"Propri\u00e9t\u00e9s r\u00e9sidentielles\"}]},{\"@type\":\"WebSite\",\"@id\":\"https:\/\/www.gestionmetropolis.ca\/fr\/#website\",\"url\":\"https:\/\/www.gestionmetropolis.ca\/fr\/\",\"name\":\"Gestion Immobili\u00e8re Metropolis Inc\",\"description\":\"Gestion de propri\u00e9t\u00e9s \u00e0 Gatineau\",\"publisher\":{\"@id\":\"https:\/\/www.gestionmetropolis.ca\/fr\/#organization\"},\"potentialAction\":[{\"@type\":\"SearchAction\",\"target\":{\"@type\":\"EntryPoint\",\"urlTemplate\":\"https:\/\/www.gestionmetropolis.ca\/fr\/?s={search_term_string}\"},\"query-input\":{\"@type\":\"PropertyValueSpecification\",\"valueRequired\":true,\"valueName\":\"search_term_string\"}}],\"inLanguage\":\"fr-FR\"},{\"@type\":\"Organization\",\"@id\":\"https:\/\/www.gestionmetropolis.ca\/fr\/#organization\",\"name\":\"Gestion Immobili\u00e8re Metropolis Inc\",\"url\":\"https:\/\/www.gestionmetropolis.ca\/fr\/\",\"logo\":{\"@type\":\"ImageObject\",\"inLanguage\":\"fr-FR\",\"@id\":\"https:\/\/www.gestionmetropolis.ca\/fr\/#\/schema\/logo\/image\/\",\"url\":\"https:\/\/www.gestionmetropolis.ca\/wp-content\/uploads\/2020\/03\/logo.png\",\"contentUrl\":\"https:\/\/www.gestionmetropolis.ca\/wp-content\/uploads\/2020\/03\/logo.png\",\"width\":760,\"height\":191,\"caption\":\"Gestion Immobili\u00e8re Metropolis Inc\"},\"image\":{\"@id\":\"https:\/\/www.gestionmetropolis.ca\/fr\/#\/schema\/logo\/image\/\"}}]}<\/script>\n<!-- \/ Yoast SEO plugin. -->","yoast_head_json":{"title":"Service aux propri\u00e9t\u00e9s r\u00e9sidentielles \u00e0 Gatineau | Gestion Metropolis","description":"Notre \u00e9quipe s\u2019occupe de la location, surveillance et entretien de vos propri\u00e9t\u00e9s en Outaouais. Fiez-vous \u00e0 Gestion Metropolis pour la tonte de la pelouse, le d\u00e9neigement, etc.","robots":{"index":"index","follow":"follow","max-snippet":"max-snippet:-1","max-image-preview":"max-image-preview:large","max-video-preview":"max-video-preview:-1"},"canonical":"https:\/\/www.gestionmetropolis.ca\/fr\/proprietes-residentielles\/","og_locale":"fr_FR","og_type":"article","og_title":"Service aux propri\u00e9t\u00e9s r\u00e9sidentielles \u00e0 Gatineau | Gestion Metropolis","og_description":"Notre \u00e9quipe s\u2019occupe de la location, surveillance et entretien de vos propri\u00e9t\u00e9s en Outaouais. Fiez-vous \u00e0 Gestion Metropolis pour la tonte de la pelouse, le d\u00e9neigement, etc.","og_url":"https:\/\/www.gestionmetropolis.ca\/fr\/proprietes-residentielles\/","og_site_name":"Gestion Immobili\u00e8re Metropolis Inc","article_modified_time":"2024-06-05T18:01:07+00:00","og_image":[{"width":126,"height":126,"url":"https:\/\/www.gestionmetropolis.ca\/wp-content\/uploads\/2020\/03\/house-icon.png","type":"image\/png"}],"twitter_card":"summary_large_image","twitter_misc":{"Dur\u00e9e de lecture estim\u00e9e":"3 minutes"},"schema":{"@context":"https:\/\/schema.org","@graph":[{"@type":"WebPage","@id":"https:\/\/www.gestionmetropolis.ca\/fr\/proprietes-residentielles\/","url":"https:\/\/www.gestionmetropolis.ca\/fr\/proprietes-residentielles\/","name":"Service aux propri\u00e9t\u00e9s r\u00e9sidentielles \u00e0 Gatineau | Gestion Metropolis","isPartOf":{"@id":"https:\/\/www.gestionmetropolis.ca\/fr\/#website"},"primaryImageOfPage":{"@id":"https:\/\/www.gestionmetropolis.ca\/fr\/proprietes-residentielles\/#primaryimage"},"image":{"@id":"https:\/\/www.gestionmetropolis.ca\/fr\/proprietes-residentielles\/#primaryimage"},"thumbnailUrl":"https:\/\/www.gestionmetropolis.ca\/wp-content\/uploads\/2020\/03\/house-icon.png","datePublished":"2020-03-26T22:24:03+00:00","dateModified":"2024-06-05T18:01:07+00:00","description":"Notre \u00e9quipe s\u2019occupe de la location, surveillance et entretien de vos propri\u00e9t\u00e9s en Outaouais. Fiez-vous \u00e0 Gestion Metropolis pour la tonte de la pelouse, le d\u00e9neigement, etc.","breadcrumb":{"@id":"https:\/\/www.gestionmetropolis.ca\/fr\/proprietes-residentielles\/#breadcrumb"},"inLanguage":"fr-FR","potentialAction":[{"@type":"ReadAction","target":["https:\/\/www.gestionmetropolis.ca\/fr\/proprietes-residentielles\/"]}]},{"@type":"ImageObject","inLanguage":"fr-FR","@id":"https:\/\/www.gestionmetropolis.ca\/fr\/proprietes-residentielles\/#primaryimage","url":"https:\/\/www.gestionmetropolis.ca\/wp-content\/uploads\/2020\/03\/house-icon.png","contentUrl":"https:\/\/www.gestionmetropolis.ca\/wp-content\/uploads\/2020\/03\/house-icon.png","width":126,"height":126},{"@type":"BreadcrumbList","@id":"https:\/\/www.gestionmetropolis.ca\/fr\/proprietes-residentielles\/#breadcrumb","itemListElement":[{"@type":"ListItem","position":1,"name":"Home","item":"https:\/\/www.gestionmetropolis.ca\/fr\/"},{"@type":"ListItem","position":2,"name":"Propri\u00e9t\u00e9s r\u00e9sidentielles"}]},{"@type":"WebSite","@id":"https:\/\/www.gestionmetropolis.ca\/fr\/#website","url":"https:\/\/www.gestionmetropolis.ca\/fr\/","name":"Gestion Immobili\u00e8re Metropolis Inc","description":"Gestion de propri\u00e9t\u00e9s \u00e0 Gatineau","publisher":{"@id":"https:\/\/www.gestionmetropolis.ca\/fr\/#organization"},"potentialAction":[{"@type":"SearchAction","target":{"@type":"EntryPoint","urlTemplate":"https:\/\/www.gestionmetropolis.ca\/fr\/?s={search_term_string}"},"query-input":{"@type":"PropertyValueSpecification","valueRequired":true,"valueName":"search_term_string"}}],"inLanguage":"fr-FR"},{"@type":"Organization","@id":"https:\/\/www.gestionmetropolis.ca\/fr\/#organization","name":"Gestion Immobili\u00e8re Metropolis Inc","url":"https:\/\/www.gestionmetropolis.ca\/fr\/","logo":{"@type":"ImageObject","inLanguage":"fr-FR","@id":"https:\/\/www.gestionmetropolis.ca\/fr\/#\/schema\/logo\/image\/","url":"https:\/\/www.gestionmetropolis.ca\/wp-content\/uploads\/2020\/03\/logo.png","contentUrl":"https:\/\/www.gestionmetropolis.ca\/wp-content\/uploads\/2020\/03\/logo.png","width":760,"height":191,"caption":"Gestion Immobili\u00e8re Metropolis Inc"},"image":{"@id":"https:\/\/www.gestionmetropolis.ca\/fr\/#\/schema\/logo\/image\/"}}]}},"_links":{"self":[{"href":"https:\/\/www.gestionmetropolis.ca\/fr\/wp-json\/wp\/v2\/pages\/8","targetHints":{"allow":["GET"]}}],"collection":[{"href":"https:\/\/www.gestionmetropolis.ca\/fr\/wp-json\/wp\/v2\/pages"}],"about":[{"href":"https:\/\/www.gestionmetropolis.ca\/fr\/wp-json\/wp\/v2\/types\/page"}],"author":[{"embeddable":true,"href":"https:\/\/www.gestionmetropolis.ca\/fr\/wp-json\/wp\/v2\/users\/3"}],"replies":[{"embeddable":true,"href":"https:\/\/www.gestionmetropolis.ca\/fr\/wp-json\/wp\/v2\/comments?post=8"}],"version-history":[{"count":23,"href":"https:\/\/www.gestionmetropolis.ca\/fr\/wp-json\/wp\/v2\/pages\/8\/revisions"}],"predecessor-version":[{"id":359,"href":"https:\/\/www.gestionmetropolis.ca\/fr\/wp-json\/wp\/v2\/pages\/8\/revisions\/359"}],"wp:featuredmedia":[{"embeddable":true,"href":"https:\/\/www.gestionmetropolis.ca\/fr\/wp-json\/wp\/v2\/media\/68"}],"wp:attachment":[{"href":"https:\/\/www.gestionmetropolis.ca\/fr\/wp-json\/wp\/v2\/media?parent=8"}],"wp:term":[{"taxonomy":"category","embeddable":true,"href":"https:\/\/www.gestionmetropolis.ca\/fr\/wp-json\/wp\/v2\/categories?post=8"}],"curies":[{"name":"wp","href":"https:\/\/api.w.org\/{rel}","templated":true}]}}