{"id":2,"date":"2020-03-26T17:54:40","date_gmt":"2020-03-26T17:54:40","guid":{"rendered":"https:\/\/www.gestionmetropolis.ca\/?page_id=2"},"modified":"2024-06-05T13:59:52","modified_gmt":"2024-06-05T17:59:52","slug":"accueil","status":"publish","type":"page","link":"https:\/\/www.gestionmetropolis.ca\/fr\/","title":{"rendered":"Accueil"},"content":{"rendered":"<section class=\"topteam-container\">\n<div class=\"container\">\n<div class=\"row\">\n<div class=\"col-md-12\">\n<div class=\"lc-block\"><\/div>\n<p><!-- \/lc-block -->\n\t\t\t<\/div>\n<p><!-- \/col -->\n\t\t<\/div>\n<\/p><\/div>\n<\/section>\n<section class=\"h1-container2\">\n<div class=\"container\">\n<div class=\"row\">\n<div class=\"col-12 col-xl-10 col-xxl-8 mx-auto\">\n<div class=\"lc-block text-center\">\n<div editable=\"rich\">\n<h1><strong>LA GESTION IMMOBILI\u00c8RE <\/strong>AVEC UNE TOUCHE HUMAINE<\/h1>\n<\/p><\/div>\n<\/p><\/div>\n<p><!-- \/lc-block --><\/p>\n<div class=\"lc-block mt-4 text-center\">\n<div lc-helper=\"shortcode\" class=\"live-shortcode\"><a class=\"contact btn\" href=\"https:\/\/www.gestionmetropolis.ca\/fr\/contact\/\" aria-label=\"Renseignez-vous sur nos services\">Renseignez-vous sur nos services<\/a><\/div>\n<\/p><\/div>\n<p><!-- \/lc-block -->\n\t\t\t<\/div>\n<p><!-- \/col -->\n\t\t<\/div>\n<\/p><\/div>\n<\/section>\n<section class=\"main-container\">\n<div class=\"container\">\n<div class=\"row align-items-center\">\n<div class=\"col-12 col-xl-7 col-xxl-6\">\n<div class=\"lc-block\">\n<div lc-helper=\"shortcode\" class=\"live-shortcode\"><div class=\"sharethis-inline-share-buttons my-4\"><\/div><\/div>\n<\/p><\/div>\n<p><!-- \/lc-block --><\/p>\n<div class=\"lc-block\">\n<div editable=\"rich\">\n<h2>\u00c0 Gatineau, nous offrons la gestion de propri\u00e9t\u00e9s r\u00e9sidentielles, d\u2019immeubles locatifs et bien plus<\/h2>\n<p>Gestion immobili\u00e8re Metropolis est une \u00e9quipe professionnelle, dynamique et polyvalente qui offre aux propri\u00e9taires d\u2019immeubles en Outaouais des services de qualit\u00e9 qui am\u00e9liorent la rentabilit\u00e9 de leurs investissements tout en leur assurant une tranquillit\u00e9 d\u2019esprit.<\/p>\n<p>Nous \u0153uvrons dans le domaine de la gestion immobili\u00e8re \u00e0 Gatineau depuis 1999 et sommes membres et fournisseurs officiels de la Corporation des propri\u00e9taires immobiliers du Qu\u00e9bec (CORPIQ) en Outaouais.<\/p>\n<p>Au fil des ans, chez Gestion immobili\u00e8re Metropolis, nous avons b\u00e2ti une entreprise et une client\u00e8le fid\u00e8le gr\u00e2ce \u00e0 nos valeurs fondamentales : l\u2019honn\u00eatet\u00e9, la fiabilit\u00e9 et l\u2019innovation. Notre service personnalis\u00e9 ainsi que la qualit\u00e9 de notre r\u00e9seau de partenaires et de sous-traitants en Outaouais sont aussi un autre \u00e9l\u00e9ment important de notre succ\u00e8s.<\/p>\n<p>Pour en savoir plus au sujet de nos services immobiliers \u00e0 Gatineau et sur la fa\u00e7on dont nous pourrions contribuer \u00e0 votre succ\u00e8s, contactez-nous d\u00e8s aujourd\u2019hui.<\/p>\n<\/p><\/div>\n<\/p><\/div>\n<p><!-- \/lc-block --><\/p>\n<div class=\"lc-block\">\n<div lc-helper=\"shortcode\" class=\"live-shortcode\"><a class=\"contact btn\" href=\"https:\/\/www.gestionmetropolis.ca\/fr\/contact\/\" aria-label=\"Faites nous confiance\">Faites nous confiance<\/a><\/div>\n<\/p><\/div>\n<p><!-- \/lc-block -->\n\t\t\t<\/div>\n<p><!-- \/col --><\/p>\n<div class=\"col-12 col-xl-5 offset-xxl-1\">\n<div lc-helper=\"shortcode\" class=\"live-shortcode\"><div class=\"avantages\"><div class=\"avantages-inner\"><h2>Avantages<\/h2><ul><li>Aucun d\u00e9p\u00f4t<\/li><li>Entreprise locale<\/li><li>Aucun engagement \u00e0 long terme<\/li><li>Aucun frais d'ouverture de dossier<\/li><\/ul><\/div><\/div><\/div>\n<\/p><\/div>\n<p><!-- \/col -->\n\t\t<\/div>\n<\/p><\/div>\n<\/section>\n<section class=\"badge-container py-5\">\n<div class=\"container\">\n<div class=\"row\">\n<div class=\"col-md-12\">\n<div class=\"lc-block\">\n<div lc-helper=\"shortcode\" class=\"live-shortcode\"><div class=\"choix_consommateur\"><a href=\"https:\/\/www.ccaward.com\/fr\/les-laur\u00e9ats\/gatineau-fr\/meilleur-gestion-de-propriete\/gestion-immobiliere-metropolis-inc\/\" target=\"_blank\" rel=\"noopener\"><img decoding=\"async\" src=\"https:\/\/www.gestionmetropolis.ca\/wp-content\/themes\/yannickweb-child\/assets\/images\/awards\/choix-consommateur-fr-2026.png\" class=\"\" alt=\"\"><\/a><a href=\"https:\/\/www.ccaward.com\/fr\/les-laur\u00e9ats\/gatineau-fr\/meilleur-gestion-de-propriete\/gestion-immobiliere-metropolis-inc\/\" target=\"_blank\" rel=\"noopener\"><img decoding=\"async\" src=\"https:\/\/www.gestionmetropolis.ca\/wp-content\/themes\/yannickweb-child\/assets\/images\/awards\/choix-consommateur-fr-2025.png\" class=\"\" alt=\"\"><\/a><a href=\"https:\/\/www.ccaward.com\/fr\/les-laur\u00e9ats\/gatineau-fr\/meilleur-gestion-de-propriete\/gestion-immobiliere-metropolis-inc\/\" target=\"_blank\" rel=\"noopener\"><img decoding=\"async\" src=\"https:\/\/www.gestionmetropolis.ca\/wp-content\/themes\/yannickweb-child\/assets\/images\/awards\/choix-consommateur-fr-2024.png\" class=\"\" alt=\"\"><\/a><a href=\"https:\/\/www.ccaward.com\/fr\/les-laur\u00e9ats\/gatineau-fr\/meilleur-gestion-de-propriete\/gestion-immobiliere-metropolis-inc\/\" target=\"_blank\" rel=\"noopener\"><img decoding=\"async\" src=\"https:\/\/www.gestionmetropolis.ca\/wp-content\/themes\/yannickweb-child\/assets\/images\/awards\/choix-consommateur-fr-2023.png\" class=\"\" alt=\"\"><\/a><a href=\"https:\/\/www.ccaward.com\/fr\/les-laur\u00e9ats\/gatineau-fr\/meilleur-gestion-de-propriete\/gestion-immobiliere-metropolis-inc\/\" target=\"_blank\" rel=\"noopener\"><img decoding=\"async\" src=\"https:\/\/www.gestionmetropolis.ca\/wp-content\/themes\/yannickweb-child\/assets\/images\/awards\/choix-consommateur-fr-2022.png\" class=\"\" alt=\"\"><\/a><a href=\"https:\/\/www.ccaward.com\/fr\/les-laur\u00e9ats\/gatineau-fr\/meilleur-gestion-de-propriete\/gestion-immobiliere-metropolis-inc\/\" target=\"_blank\" rel=\"noopener\"><img decoding=\"async\" src=\"https:\/\/www.gestionmetropolis.ca\/wp-content\/themes\/yannickweb-child\/assets\/images\/awards\/choix-consommateur-fr-2020.png\" class=\"\" alt=\"\"><\/a><a href=\"https:\/\/threebestrated.ca\/fr-soci\u00e9t\u00e9s-de-gestion-immobili\u00e8re-in-gatineau-qc\" target=\"_blank\" rel=\"noopener\" class=\"d-flex\"><img src='https:\/\/threebestrated.ca\/awards-fr\/soci\u00e9t\u00e9s_de_gestion_immobili\u00e8re-gatineau-2021-drk.svg' alt=''><\/a><a href=\"https:\/\/threebestrated.ca\/fr-soci\u00e9t\u00e9s-de-gestion-immobili\u00e8re-in-gatineau-qc\" target=\"_blank\" rel=\"noopener\" class=\"d-flex\"><img src='https:\/\/threebestrated.ca\/awards-fr\/soci\u00e9t\u00e9s_de_gestion_immobili\u00e8re-gatineau-2020-drk.svg' alt=''><\/a><a><img decoding=\"async\" src=\"https:\/\/www.gestionmetropolis.ca\/wp-content\/themes\/yannickweb-child\/assets\/images\/awards\/excellence-2022.png\" class=\"award-2022\" alt=\"\"><\/a><a><img decoding=\"async\" src=\"https:\/\/www.gestionmetropolis.ca\/wp-content\/themes\/yannickweb-child\/assets\/images\/awards\/excellence-fr-2023.png\" class=\"award-2023\" alt=\"\"><\/a><a><img decoding=\"async\" src=\"https:\/\/www.gestionmetropolis.ca\/wp-content\/themes\/yannickweb-child\/assets\/images\/awards\/excellence-fr-2024.png\" class=\"award-2024\" alt=\"\"><\/a><a><img decoding=\"async\" src=\"https:\/\/www.gestionmetropolis.ca\/wp-content\/themes\/yannickweb-child\/assets\/images\/awards\/excellence-2025.png\" class=\"award-2025\" alt=\"\"><\/a><a><img decoding=\"async\" src=\"https:\/\/www.gestionmetropolis.ca\/wp-content\/themes\/yannickweb-child\/assets\/images\/awards\/excellence-fr-2026.png\" class=\"award-2026\" alt=\"\"><\/a><\/div><\/div>\n<\/p><\/div>\n<p><!-- \/lc-block -->\n\t\t\t<\/div>\n<p><!-- \/col -->\n\t\t<\/div>\n<\/p><\/div>\n<\/section>\n<section class=\"about-container\">\n<div class=\"container\">\n<div class=\"row justify-content-center text-center\">\n<div class=\"col-12 col-lg-10 col-xl-7 col-xxl-6\">\n<div class=\"lc-block\">\n<div editable=\"rich\">\n<h2>Pourquoi nous faire confiance ?<\/h2>\n<p>Chez Gestion immobili\u00e8re Metropolis, nous sommes une compagnie locale, professionnelle et exp\u00e9riment\u00e9e qui tient \u00e0 vous apporter une aide pr\u00e9cieuse dans la gestion de vos propri\u00e9t\u00e9s ou votre recherche de logement, qui vous permettra d\u2019avoir l\u2019esprit tranquille lors de vos d\u00e9marches.<\/p>\n<p>Nous avons l\u2019exp\u00e9rience n\u00e9cessaire pour nous assurer du bon d\u00e9roulement et fonctionnement de vos affaires.<\/p>\n<\/p><\/div>\n<\/p><\/div>\n<p><!-- \/lc-block --><\/p>\n<div class=\"lc-block\">\n<div lc-helper=\"shortcode\" class=\"live-shortcode\"><a class=\"contact btn\" href=\"https:\/\/www.gestionmetropolis.ca\/fr\/contact\/\" aria-label=\"En savoir plus\">En savoir plus<\/a><\/div>\n<\/p><\/div>\n<p><!-- \/lc-block -->\n\t\t\t<\/div>\n<p><!-- \/col -->\n\t\t<\/div>\n<\/p><\/div>\n<\/section>\n<section class=\"services-container\" id=\"services\">\n<div class=\"container\">\n<div class=\"row\">\n<div class=\"col\">\n<div class=\"services\">\n<div class=\"lc-block\">\n<div editable=\"rich\" class=\"text-center\">\n<h2>Nos services<\/h2>\n<p>Nous offrons une vari\u00e9t\u00e9 de services de gestion immobili\u00e8re dans la r\u00e9gion de Gatineau.<\/p>\n<\/p><\/div>\n<\/p><\/div>\n<p><!-- \/lc-block --><\/p>\n<div class=\"lc-block\">\n<div lc-helper=\"shortcode\" class=\"live-shortcode\"><ul class=\"services_pages_list row\"><li class=\"service col-12 col-xl-4 col-xxl-3\"><a class=\"service-link\" href=\"https:\/\/www.gestionmetropolis.ca\/fr\/proprietes-residentielles\/\"><span class=\"service-img\"><img decoding=\"async\" width=\"126\" height=\"126\" src=\"https:\/\/www.gestionmetropolis.ca\/wp-content\/uploads\/2020\/03\/house-icon.png\" class=\"attachment-full size-full wp-post-image\" alt=\"\" \/><\/span><span class=\"service-text\">Propri\u00e9t\u00e9s r\u00e9sidentielles<\/span><\/a><\/li><li class=\"service col-12 col-xl-4 col-xxl-3\"><a class=\"service-link\" href=\"https:\/\/www.gestionmetropolis.ca\/fr\/immeubles-locatifs\/\"><span class=\"service-img\"><img decoding=\"async\" width=\"116\" height=\"116\" src=\"https:\/\/www.gestionmetropolis.ca\/wp-content\/uploads\/2020\/03\/building-icon.png\" class=\"attachment-full size-full wp-post-image\" alt=\"\" \/><\/span><span class=\"service-text\">Immeubles locatifs<\/span><\/a><\/li><li class=\"service col-12 col-xl-4 col-xxl-3\"><a class=\"service-link\" href=\"https:\/\/www.gestionmetropolis.ca\/fr\/logements-a-louer\/\"><span class=\"service-img\"><img decoding=\"async\" width=\"120\" height=\"120\" src=\"https:\/\/www.gestionmetropolis.ca\/wp-content\/uploads\/2020\/03\/rent-icon.png\" class=\"attachment-full size-full wp-post-image\" alt=\"\" \/><\/span><span class=\"service-text\">Logements \u00e0 louer<\/span><\/a><\/li><\/ul><\/div>\n<\/p><\/div>\n<p><!-- \/lc-block -->\n\t\t\t\t<\/div>\n<\/p><\/div>\n<p><!-- \/col -->\n\t\t<\/div>\n<\/p><\/div>\n<\/section>\n<section class=\"video-container\">\n<div class=\"container\">\n<div class=\"row\">\n<div class=\"col-12\">\n<div class=\"video\">\n\t\t\t\t\t<video controls=\"\" preload=\"metadata\" poster=\"https:\/\/www.gestionmetropolis.ca\/wp-content\/uploads\/2022\/04\/metropolis-video-poster.jpg\"><source type=\"video\/mp4\" src=\"https:\/\/www.gestionmetropolis.ca\/wp-content\/uploads\/2022\/04\/gestion-immobiliere-metropolis-inc.mp4\"><\/video>\n\t\t\t\t<\/div>\n<\/p><\/div>\n<p><!-- \/col -->\n\t\t<\/div>\n<\/p><\/div>\n<\/section>\n","protected":false},"excerpt":{"rendered":"<p>LA GESTION IMMOBILI\u00c8RE AVEC UNE TOUCHE HUMAINE \u00c0 Gatineau, nous offrons la gestion de propri\u00e9t\u00e9s r\u00e9sidentielles, d\u2019immeubles locatifs et bien plus Gestion immobili\u00e8re Metropolis est une \u00e9quipe professionnelle, dynamique et polyvalente qui offre aux propri\u00e9taires d\u2019immeubles en Outaouais des services de qualit\u00e9 qui am\u00e9liorent la rentabilit\u00e9 de leurs investissements tout en leur assurant une tranquillit\u00e9 [&hellip;]<\/p>\n","protected":false},"author":3,"featured_media":0,"parent":0,"menu_order":0,"comment_status":"closed","ping_status":"open","template":"","meta":{"footnotes":""},"categories":[],"class_list":["post-2","page","type-page","status-publish","hentry"],"yoast_head":"<!-- This site is optimized with the Yoast SEO plugin v27.2 - https:\/\/yoast.com\/product\/yoast-seo-wordpress\/ -->\n<title>Gestion immobili\u00e8re \u00e0 Gatineau | Gestion Metropolis<\/title>\n<meta name=\"description\" content=\"Services professionnels de gestion de propri\u00e9t\u00e9s r\u00e9sidentielles, d\u2019immeubles locatifs, de logement \u00e0 louer et bien plus encore en Outaouais.\" \/>\n<meta name=\"robots\" content=\"index, follow, max-snippet:-1, max-image-preview:large, max-video-preview:-1\" \/>\n<link rel=\"canonical\" href=\"https:\/\/www.gestionmetropolis.ca\/fr\/\" \/>\n<meta property=\"og:locale\" content=\"fr_FR\" \/>\n<meta property=\"og:type\" content=\"article\" \/>\n<meta property=\"og:title\" content=\"Gestion immobili\u00e8re \u00e0 Gatineau | Gestion Metropolis\" \/>\n<meta property=\"og:description\" content=\"Services professionnels de gestion de propri\u00e9t\u00e9s r\u00e9sidentielles, d\u2019immeubles locatifs, de logement \u00e0 louer et bien plus encore en Outaouais.\" \/>\n<meta property=\"og:url\" content=\"https:\/\/www.gestionmetropolis.ca\/fr\/\" \/>\n<meta property=\"og:site_name\" content=\"Gestion Immobili\u00e8re Metropolis Inc\" \/>\n<meta property=\"article:modified_time\" content=\"2024-06-05T17:59:52+00:00\" \/>\n<meta name=\"twitter:card\" content=\"summary_large_image\" \/>\n<meta name=\"twitter:label1\" content=\"Dur\u00e9e de lecture estim\u00e9e\" \/>\n\t<meta name=\"twitter:data1\" content=\"2 minutes\" \/>\n<script type=\"application\/ld+json\" class=\"yoast-schema-graph\">{\"@context\":\"https:\/\/schema.org\",\"@graph\":[{\"@type\":\"WebPage\",\"@id\":\"https:\/\/www.gestionmetropolis.ca\/fr\/\",\"url\":\"https:\/\/www.gestionmetropolis.ca\/fr\/\",\"name\":\"Gestion immobili\u00e8re \u00e0 Gatineau | Gestion Metropolis\",\"isPartOf\":{\"@id\":\"https:\/\/www.gestionmetropolis.ca\/fr\/#website\"},\"datePublished\":\"2020-03-26T17:54:40+00:00\",\"dateModified\":\"2024-06-05T17:59:52+00:00\",\"description\":\"Services professionnels de gestion de propri\u00e9t\u00e9s r\u00e9sidentielles, d\u2019immeubles locatifs, de logement \u00e0 louer et bien plus encore en Outaouais.\",\"breadcrumb\":{\"@id\":\"https:\/\/www.gestionmetropolis.ca\/fr\/#breadcrumb\"},\"inLanguage\":\"fr-FR\",\"potentialAction\":[{\"@type\":\"ReadAction\",\"target\":[\"https:\/\/www.gestionmetropolis.ca\/fr\/\"]}]},{\"@type\":\"BreadcrumbList\",\"@id\":\"https:\/\/www.gestionmetropolis.ca\/fr\/#breadcrumb\",\"itemListElement\":[{\"@type\":\"ListItem\",\"position\":1,\"name\":\"Home\",\"item\":\"https:\/\/www.gestionmetropolis.ca\/fr\/\"},{\"@type\":\"ListItem\",\"position\":2,\"name\":\"Accueil\"}]},{\"@type\":\"WebSite\",\"@id\":\"https:\/\/www.gestionmetropolis.ca\/fr\/#website\",\"url\":\"https:\/\/www.gestionmetropolis.ca\/fr\/\",\"name\":\"Gestion Immobili\u00e8re Metropolis Inc\",\"description\":\"Gestion de propri\u00e9t\u00e9s \u00e0 Gatineau\",\"publisher\":{\"@id\":\"https:\/\/www.gestionmetropolis.ca\/fr\/#organization\"},\"potentialAction\":[{\"@type\":\"SearchAction\",\"target\":{\"@type\":\"EntryPoint\",\"urlTemplate\":\"https:\/\/www.gestionmetropolis.ca\/fr\/?s={search_term_string}\"},\"query-input\":{\"@type\":\"PropertyValueSpecification\",\"valueRequired\":true,\"valueName\":\"search_term_string\"}}],\"inLanguage\":\"fr-FR\"},{\"@type\":\"Organization\",\"@id\":\"https:\/\/www.gestionmetropolis.ca\/fr\/#organization\",\"name\":\"Gestion Immobili\u00e8re Metropolis Inc\",\"url\":\"https:\/\/www.gestionmetropolis.ca\/fr\/\",\"logo\":{\"@type\":\"ImageObject\",\"inLanguage\":\"fr-FR\",\"@id\":\"https:\/\/www.gestionmetropolis.ca\/fr\/#\/schema\/logo\/image\/\",\"url\":\"https:\/\/www.gestionmetropolis.ca\/wp-content\/uploads\/2020\/03\/logo.png\",\"contentUrl\":\"https:\/\/www.gestionmetropolis.ca\/wp-content\/uploads\/2020\/03\/logo.png\",\"width\":760,\"height\":191,\"caption\":\"Gestion Immobili\u00e8re Metropolis Inc\"},\"image\":{\"@id\":\"https:\/\/www.gestionmetropolis.ca\/fr\/#\/schema\/logo\/image\/\"}}]}<\/script>\n<!-- \/ Yoast SEO plugin. -->","yoast_head_json":{"title":"Gestion immobili\u00e8re \u00e0 Gatineau | Gestion Metropolis","description":"Services professionnels de gestion de propri\u00e9t\u00e9s r\u00e9sidentielles, d\u2019immeubles locatifs, de logement \u00e0 louer et bien plus encore en Outaouais.","robots":{"index":"index","follow":"follow","max-snippet":"max-snippet:-1","max-image-preview":"max-image-preview:large","max-video-preview":"max-video-preview:-1"},"canonical":"https:\/\/www.gestionmetropolis.ca\/fr\/","og_locale":"fr_FR","og_type":"article","og_title":"Gestion immobili\u00e8re \u00e0 Gatineau | Gestion Metropolis","og_description":"Services professionnels de gestion de propri\u00e9t\u00e9s r\u00e9sidentielles, d\u2019immeubles locatifs, de logement \u00e0 louer et bien plus encore en Outaouais.","og_url":"https:\/\/www.gestionmetropolis.ca\/fr\/","og_site_name":"Gestion Immobili\u00e8re Metropolis Inc","article_modified_time":"2024-06-05T17:59:52+00:00","twitter_card":"summary_large_image","twitter_misc":{"Dur\u00e9e de lecture estim\u00e9e":"2 minutes"},"schema":{"@context":"https:\/\/schema.org","@graph":[{"@type":"WebPage","@id":"https:\/\/www.gestionmetropolis.ca\/fr\/","url":"https:\/\/www.gestionmetropolis.ca\/fr\/","name":"Gestion immobili\u00e8re \u00e0 Gatineau | Gestion Metropolis","isPartOf":{"@id":"https:\/\/www.gestionmetropolis.ca\/fr\/#website"},"datePublished":"2020-03-26T17:54:40+00:00","dateModified":"2024-06-05T17:59:52+00:00","description":"Services professionnels de gestion de propri\u00e9t\u00e9s r\u00e9sidentielles, d\u2019immeubles locatifs, de logement \u00e0 louer et bien plus encore en Outaouais.","breadcrumb":{"@id":"https:\/\/www.gestionmetropolis.ca\/fr\/#breadcrumb"},"inLanguage":"fr-FR","potentialAction":[{"@type":"ReadAction","target":["https:\/\/www.gestionmetropolis.ca\/fr\/"]}]},{"@type":"BreadcrumbList","@id":"https:\/\/www.gestionmetropolis.ca\/fr\/#breadcrumb","itemListElement":[{"@type":"ListItem","position":1,"name":"Home","item":"https:\/\/www.gestionmetropolis.ca\/fr\/"},{"@type":"ListItem","position":2,"name":"Accueil"}]},{"@type":"WebSite","@id":"https:\/\/www.gestionmetropolis.ca\/fr\/#website","url":"https:\/\/www.gestionmetropolis.ca\/fr\/","name":"Gestion Immobili\u00e8re Metropolis Inc","description":"Gestion de propri\u00e9t\u00e9s \u00e0 Gatineau","publisher":{"@id":"https:\/\/www.gestionmetropolis.ca\/fr\/#organization"},"potentialAction":[{"@type":"SearchAction","target":{"@type":"EntryPoint","urlTemplate":"https:\/\/www.gestionmetropolis.ca\/fr\/?s={search_term_string}"},"query-input":{"@type":"PropertyValueSpecification","valueRequired":true,"valueName":"search_term_string"}}],"inLanguage":"fr-FR"},{"@type":"Organization","@id":"https:\/\/www.gestionmetropolis.ca\/fr\/#organization","name":"Gestion Immobili\u00e8re Metropolis Inc","url":"https:\/\/www.gestionmetropolis.ca\/fr\/","logo":{"@type":"ImageObject","inLanguage":"fr-FR","@id":"https:\/\/www.gestionmetropolis.ca\/fr\/#\/schema\/logo\/image\/","url":"https:\/\/www.gestionmetropolis.ca\/wp-content\/uploads\/2020\/03\/logo.png","contentUrl":"https:\/\/www.gestionmetropolis.ca\/wp-content\/uploads\/2020\/03\/logo.png","width":760,"height":191,"caption":"Gestion Immobili\u00e8re Metropolis Inc"},"image":{"@id":"https:\/\/www.gestionmetropolis.ca\/fr\/#\/schema\/logo\/image\/"}}]}},"_links":{"self":[{"href":"https:\/\/www.gestionmetropolis.ca\/fr\/wp-json\/wp\/v2\/pages\/2","targetHints":{"allow":["GET"]}}],"collection":[{"href":"https:\/\/www.gestionmetropolis.ca\/fr\/wp-json\/wp\/v2\/pages"}],"about":[{"href":"https:\/\/www.gestionmetropolis.ca\/fr\/wp-json\/wp\/v2\/types\/page"}],"author":[{"embeddable":true,"href":"https:\/\/www.gestionmetropolis.ca\/fr\/wp-json\/wp\/v2\/users\/3"}],"replies":[{"embeddable":true,"href":"https:\/\/www.gestionmetropolis.ca\/fr\/wp-json\/wp\/v2\/comments?post=2"}],"version-history":[{"count":66,"href":"https:\/\/www.gestionmetropolis.ca\/fr\/wp-json\/wp\/v2\/pages\/2\/revisions"}],"predecessor-version":[{"id":357,"href":"https:\/\/www.gestionmetropolis.ca\/fr\/wp-json\/wp\/v2\/pages\/2\/revisions\/357"}],"wp:attachment":[{"href":"https:\/\/www.gestionmetropolis.ca\/fr\/wp-json\/wp\/v2\/media?parent=2"}],"wp:term":[{"taxonomy":"category","embeddable":true,"href":"https:\/\/www.gestionmetropolis.ca\/fr\/wp-json\/wp\/v2\/categories?post=2"}],"curies":[{"name":"wp","href":"https:\/\/api.w.org\/{rel}","templated":true}]}}