{"id":12,"date":"2020-03-26T18:25:58","date_gmt":"2020-03-26T22:25:58","guid":{"rendered":"https:\/\/www.gestionmetropolis.ca\/?page_id=12"},"modified":"2024-06-05T14:04:09","modified_gmt":"2024-06-05T18:04:09","slug":"logements-a-louer","status":"publish","type":"page","link":"https:\/\/www.gestionmetropolis.ca\/fr\/logements-a-louer\/","title":{"rendered":"Logements \u00e0 louer"},"content":{"rendered":"<div class=\"page-logements-a-louer\">\n<section class=\"h1-container\">\n<div class=\"container\">\n<div class=\"row align-items-center\">\n<div class=\"col-xl-7\">\n<div class=\"h1-div\">\n<div class=\"lc-block\">\n<div editable=\"rich\">\n<h1>Gestion<br \/>immobili\u00e8re Metropolis<strong>Vous \u00eates \u00e0 la recherche d\u2019un logement \u00e0 louer \u00e0 Gatineau?<\/strong><\/h1>\n<\/p><\/div>\n<\/p><\/div>\n<p><!-- \/lc-block --><\/p>\n<div class=\"lc-block\">\n\t\t\t\t\t\t\t<a class=\"btn contact\" href=\"#services\" role=\"button\">Renseignez-vous<br class=\"d-sm-none\"> sur nos services<\/a>\n\t\t\t\t\t\t<\/div>\n<p><!-- \/lc-block -->\n\t\t\t\t\t<\/div>\n<\/p><\/div>\n<p><!-- \/col --><\/p>\n<div class=\"col-12 col-xl-5 col-xxl-4 mt-5 mt-xl-0 mx-xl-auto\">\n<div class=\"lc-block d-xl-block d-flex flex-column flex-md-row justify-content-between justify-content-lg-around align-items-center\">\n<div lc-helper=\"shortcode\" class=\"live-shortcode\"><div class=\"avantages\"><div class=\"avantages-inner\"><h2>Avantages<\/h2><ul><li>Aucun d\u00e9p\u00f4t<\/li><li>Entreprise locale<\/li><li>Aucun engagement \u00e0 long terme<\/li><li>Aucun frais d'ouverture de dossier<\/li><\/ul><\/div><\/div><\/div>\n<\/p><\/div>\n<p><!-- \/lc-block -->\n\t\t\t\t<\/div>\n<p><!-- \/col -->\n\t\t\t<\/div>\n<\/p><\/div>\n<\/section>\n<section class=\"main-container\">\n<div class=\"container\">\n<div class=\"row align-items-center\">\n<div class=\"col-12 col-xl-7 col-xxl-6\">\n<div class=\"lc-block\">\n<div lc-helper=\"shortcode\" class=\"live-shortcode\"><div class=\"sharethis-inline-share-buttons my-4\"><\/div><\/div>\n<\/p><\/div>\n<p><!-- \/lc-block --><\/p>\n<div class=\"lc-block\">\n<div editable=\"rich\">\n<h2>Nous avons des logements \u00e0 louer disponibles \u00e0 Gatineau!<\/h2>\n<p>Que vous soyez \u00e0 la recherche d\u2019un appartement, d\u2019un condo, d\u2019une maison unifamiliale ou de tout autre type de logement, nous avons plusieurs choix \u00e0 vous offrir et ce service est enti\u00e8rement gratuit !<\/p>\n<p>Chez Gestion immobili\u00e8re Metropolis, nous vous invitons \u00e0 communiquer avec notre service de location en tout temps au&nbsp; 819-682-6703 ou nous envoyer un courriel afin qu\u2019un de nos agents de location puisse vous aider \u00e0 trouver le logement qui correspond \u00e0 vos besoins et vos attentes dans la r\u00e9gion de l\u2019Outaouais!<\/p>\n<\/p><\/div>\n<\/p><\/div>\n<p><!-- \/lc-block --><\/p>\n<div class=\"lc-block\">\n<div lc-helper=\"shortcode\" class=\"live-shortcode\"><a class=\"contact btn\" href=\"https:\/\/www.gestionmetropolis.ca\/fr\/contact\/\" aria-label=\"Commencez le processus sans frais\">Commencez le processus sans frais<\/a><\/div>\n<\/p><\/div>\n<p><!-- \/lc-block -->\n\t\t\t\t<\/div>\n<p><!-- \/col --><\/p>\n<div class=\"col-5 offset-xxl-1 d-none d-xl-block\">\n<div class=\"lc-block infinite-right\">\n\t\t\t\t\t\t<img decoding=\"async\" class=\"img-fluid jetpack-lazy-image\" src=\"https:\/\/www.gestionmetropolis.ca\/wp-content\/uploads\/2020\/04\/fish-eye-maison.jpg\" alt=\"\" data-lazy-src=\"https:\/\/www.gestionmetropolis.ca\/wp-content\/uploads\/2020\/04\/fish-eye-maison.jpg?is-pending-load=1\" srcset=\"data:image\/gif;base64,R0lGODlhAQABAIAAAAAAAP\/\/\/yH5BAEAAAAALAAAAAABAAEAAAIBRAA7\"><noscript><img decoding=\"async\" data-lazy-fallback=\"1\" class=\"img-fluid\" src=\"https:\/\/www.gestionmetropolis.ca\/wp-content\/uploads\/2020\/04\/fish-eye-maison.jpg\" alt=\"\"><\/noscript>\n\t\t\t\t\t<\/div>\n<p><!-- \/lc-block -->\n\t\t\t\t<\/div>\n<p><!-- \/col -->\n\t\t\t<\/div>\n<\/p><\/div>\n<\/section>\n<section class=\"badge-container py-5\">\n<div class=\"container\">\n<div class=\"row\">\n<div class=\"col-md-12\">\n<div class=\"lc-block\">\n<div lc-helper=\"shortcode\" class=\"live-shortcode\"><div class=\"choix_consommateur\"><a href=\"https:\/\/www.ccaward.com\/fr\/les-laur\u00e9ats\/gatineau-fr\/meilleur-gestion-de-propriete\/gestion-immobiliere-metropolis-inc\/\" target=\"_blank\" rel=\"noopener\"><img decoding=\"async\" src=\"https:\/\/www.gestionmetropolis.ca\/wp-content\/themes\/yannickweb-child\/assets\/images\/awards\/choix-consommateur-fr-2026.png\" class=\"\" alt=\"\"><\/a><a href=\"https:\/\/www.ccaward.com\/fr\/les-laur\u00e9ats\/gatineau-fr\/meilleur-gestion-de-propriete\/gestion-immobiliere-metropolis-inc\/\" target=\"_blank\" rel=\"noopener\"><img decoding=\"async\" src=\"https:\/\/www.gestionmetropolis.ca\/wp-content\/themes\/yannickweb-child\/assets\/images\/awards\/choix-consommateur-fr-2025.png\" class=\"\" alt=\"\"><\/a><a href=\"https:\/\/www.ccaward.com\/fr\/les-laur\u00e9ats\/gatineau-fr\/meilleur-gestion-de-propriete\/gestion-immobiliere-metropolis-inc\/\" target=\"_blank\" rel=\"noopener\"><img decoding=\"async\" src=\"https:\/\/www.gestionmetropolis.ca\/wp-content\/themes\/yannickweb-child\/assets\/images\/awards\/choix-consommateur-fr-2024.png\" class=\"\" alt=\"\"><\/a><a href=\"https:\/\/www.ccaward.com\/fr\/les-laur\u00e9ats\/gatineau-fr\/meilleur-gestion-de-propriete\/gestion-immobiliere-metropolis-inc\/\" target=\"_blank\" rel=\"noopener\"><img decoding=\"async\" src=\"https:\/\/www.gestionmetropolis.ca\/wp-content\/themes\/yannickweb-child\/assets\/images\/awards\/choix-consommateur-fr-2023.png\" class=\"\" alt=\"\"><\/a><a href=\"https:\/\/www.ccaward.com\/fr\/les-laur\u00e9ats\/gatineau-fr\/meilleur-gestion-de-propriete\/gestion-immobiliere-metropolis-inc\/\" target=\"_blank\" rel=\"noopener\"><img decoding=\"async\" src=\"https:\/\/www.gestionmetropolis.ca\/wp-content\/themes\/yannickweb-child\/assets\/images\/awards\/choix-consommateur-fr-2022.png\" class=\"\" alt=\"\"><\/a><a href=\"https:\/\/www.ccaward.com\/fr\/les-laur\u00e9ats\/gatineau-fr\/meilleur-gestion-de-propriete\/gestion-immobiliere-metropolis-inc\/\" target=\"_blank\" rel=\"noopener\"><img decoding=\"async\" src=\"https:\/\/www.gestionmetropolis.ca\/wp-content\/themes\/yannickweb-child\/assets\/images\/awards\/choix-consommateur-fr-2020.png\" class=\"\" alt=\"\"><\/a><a href=\"https:\/\/threebestrated.ca\/fr-soci\u00e9t\u00e9s-de-gestion-immobili\u00e8re-in-gatineau-qc\" target=\"_blank\" rel=\"noopener\" class=\"d-flex\"><img src='https:\/\/threebestrated.ca\/awards-fr\/soci\u00e9t\u00e9s_de_gestion_immobili\u00e8re-gatineau-2021-drk.svg' alt=''><\/a><a href=\"https:\/\/threebestrated.ca\/fr-soci\u00e9t\u00e9s-de-gestion-immobili\u00e8re-in-gatineau-qc\" target=\"_blank\" rel=\"noopener\" class=\"d-flex\"><img src='https:\/\/threebestrated.ca\/awards-fr\/soci\u00e9t\u00e9s_de_gestion_immobili\u00e8re-gatineau-2020-drk.svg' alt=''><\/a><a><img decoding=\"async\" src=\"https:\/\/www.gestionmetropolis.ca\/wp-content\/themes\/yannickweb-child\/assets\/images\/awards\/excellence-2022.png\" class=\"award-2022\" alt=\"\"><\/a><a><img decoding=\"async\" src=\"https:\/\/www.gestionmetropolis.ca\/wp-content\/themes\/yannickweb-child\/assets\/images\/awards\/excellence-fr-2023.png\" class=\"award-2023\" alt=\"\"><\/a><a><img decoding=\"async\" src=\"https:\/\/www.gestionmetropolis.ca\/wp-content\/themes\/yannickweb-child\/assets\/images\/awards\/excellence-fr-2024.png\" class=\"award-2024\" alt=\"\"><\/a><a><img decoding=\"async\" src=\"https:\/\/www.gestionmetropolis.ca\/wp-content\/themes\/yannickweb-child\/assets\/images\/awards\/excellence-2025.png\" class=\"award-2025\" alt=\"\"><\/a><a><img decoding=\"async\" src=\"https:\/\/www.gestionmetropolis.ca\/wp-content\/themes\/yannickweb-child\/assets\/images\/awards\/excellence-fr-2026.png\" class=\"award-2026\" alt=\"\"><\/a><\/div><\/div>\n<\/p><\/div>\n<p><!-- \/lc-block -->\n\t\t\t\t<\/div>\n<p><!-- \/col -->\n\t\t\t<\/div>\n<\/p><\/div>\n<\/section>\n<section class=\"services-container\" id=\"services\">\n<div class=\"container\">\n<div class=\"row\">\n<div class=\"col\">\n<div class=\"services\">\n<div class=\"lc-block\">\n<div editable=\"rich\" class=\"text-center\">\n<h2>Nos services<\/h2>\n<p>Nous offrons une vari\u00e9t\u00e9 de services de gestion immobili\u00e8re dans la r\u00e9gion de Gatineau.<\/p>\n<\/p><\/div>\n<\/p><\/div>\n<p><!-- \/lc-block --><\/p>\n<div class=\"lc-block\">\n<div lc-helper=\"shortcode\" class=\"live-shortcode\"><ul class=\"services_pages_list row\"><li class=\"service col-12 col-xl-4 col-xxl-3\"><a class=\"service-link\" href=\"https:\/\/www.gestionmetropolis.ca\/fr\/proprietes-residentielles\/\"><span class=\"service-img\"><img decoding=\"async\" width=\"126\" height=\"126\" src=\"https:\/\/www.gestionmetropolis.ca\/wp-content\/uploads\/2020\/03\/house-icon.png\" class=\"attachment-full size-full wp-post-image\" alt=\"\" \/><\/span><span class=\"service-text\">Propri\u00e9t\u00e9s r\u00e9sidentielles<\/span><\/a><\/li><li class=\"service col-12 col-xl-4 col-xxl-3\"><a class=\"service-link\" href=\"https:\/\/www.gestionmetropolis.ca\/fr\/immeubles-locatifs\/\"><span class=\"service-img\"><img decoding=\"async\" width=\"116\" height=\"116\" src=\"https:\/\/www.gestionmetropolis.ca\/wp-content\/uploads\/2020\/03\/building-icon.png\" class=\"attachment-full size-full wp-post-image\" alt=\"\" \/><\/span><span class=\"service-text\">Immeubles locatifs<\/span><\/a><\/li><li class=\"service col-12 col-xl-4 col-xxl-3\"><a class=\"service-link\" href=\"https:\/\/www.gestionmetropolis.ca\/fr\/logements-a-louer\/\"><span class=\"service-img\"><img decoding=\"async\" width=\"120\" height=\"120\" src=\"https:\/\/www.gestionmetropolis.ca\/wp-content\/uploads\/2020\/03\/rent-icon.png\" class=\"attachment-full size-full wp-post-image\" alt=\"\" \/><\/span><span class=\"service-text\">Logements \u00e0 louer<\/span><\/a><\/li><\/ul><\/div>\n<\/p><\/div>\n<p><!-- \/lc-block -->\n\t\t\t\t\t<\/div>\n<\/p><\/div>\n<p><!-- \/col -->\n\t\t\t<\/div>\n<\/p><\/div>\n<\/section>\n<section class=\"video-container\">\n<div class=\"container\">\n<div class=\"row\">\n<div class=\"col-12\">\n<div class=\"video\">\n\t\t\t\t\t\t<video controls=\"\" preload=\"metadata\" poster=\"https:\/\/www.gestionmetropolis.ca\/wp-content\/uploads\/2020\/04\/video.png\"><source type=\"video\/mp4\" src=\"https:\/\/www.gestionmetropolis.ca\/wp-content\/uploads\/2020\/04\/Gestion-Immobiliere-Metropolis.mp4\"><\/video>\n\t\t\t\t\t<\/div>\n<\/p><\/div>\n<p><!-- \/col -->\n\t\t\t<\/div>\n<\/p><\/div>\n<\/section>\n<\/div>\n","protected":false},"excerpt":{"rendered":"<p>Gestionimmobili\u00e8re MetropolisVous \u00eates \u00e0 la recherche d\u2019un logement \u00e0 louer \u00e0 Gatineau? Renseignez-vous sur nos services Nous avons des logements \u00e0 louer disponibles \u00e0 Gatineau! Que vous soyez \u00e0 la recherche d\u2019un appartement, d\u2019un condo, d\u2019une maison unifamiliale ou de tout autre type de logement, nous avons plusieurs choix \u00e0 vous offrir et ce service [&hellip;]<\/p>\n","protected":false},"author":3,"featured_media":64,"parent":0,"menu_order":3,"comment_status":"closed","ping_status":"closed","template":"","meta":{"footnotes":""},"categories":[5],"class_list":["post-12","page","type-page","status-publish","has-post-thumbnail","hentry","category-service"],"yoast_head":"<!-- This site is optimized with the Yoast SEO plugin v27.2 - https:\/\/yoast.com\/product\/yoast-seo-wordpress\/ -->\n<title>\u00c0 louer \u00e0 Gatineau | Gestion Metropolis<\/title>\n<meta name=\"description\" content=\"Appartement, d\u2019un condo, d\u2019une maison unifamiliale ou de tout autre type de logement, nous avons plusieurs choix \u00e0 vous offrir en Outaouais et ce service est enti\u00e8rement gratuit.\" \/>\n<meta name=\"robots\" content=\"index, follow, max-snippet:-1, max-image-preview:large, max-video-preview:-1\" \/>\n<link rel=\"canonical\" href=\"https:\/\/www.gestionmetropolis.ca\/fr\/logements-a-louer\/\" \/>\n<meta property=\"og:locale\" content=\"fr_FR\" \/>\n<meta property=\"og:type\" content=\"article\" \/>\n<meta property=\"og:title\" content=\"\u00c0 louer \u00e0 Gatineau | Gestion Metropolis\" \/>\n<meta property=\"og:description\" content=\"Appartement, d\u2019un condo, d\u2019une maison unifamiliale ou de tout autre type de logement, nous avons plusieurs choix \u00e0 vous offrir en Outaouais et ce service est enti\u00e8rement gratuit.\" \/>\n<meta property=\"og:url\" content=\"https:\/\/www.gestionmetropolis.ca\/fr\/logements-a-louer\/\" \/>\n<meta property=\"og:site_name\" content=\"Gestion Immobili\u00e8re Metropolis Inc\" \/>\n<meta property=\"article:modified_time\" content=\"2024-06-05T18:04:09+00:00\" \/>\n<meta property=\"og:image\" content=\"https:\/\/www.gestionmetropolis.ca\/wp-content\/uploads\/2020\/03\/rent-icon.png\" \/>\n\t<meta property=\"og:image:width\" content=\"120\" \/>\n\t<meta property=\"og:image:height\" content=\"120\" \/>\n\t<meta property=\"og:image:type\" content=\"image\/png\" \/>\n<meta name=\"twitter:card\" content=\"summary_large_image\" \/>\n<meta name=\"twitter:label1\" content=\"Dur\u00e9e de lecture estim\u00e9e\" \/>\n\t<meta name=\"twitter:data1\" content=\"1 minute\" \/>\n<script type=\"application\/ld+json\" class=\"yoast-schema-graph\">{\"@context\":\"https:\/\/schema.org\",\"@graph\":[{\"@type\":\"WebPage\",\"@id\":\"https:\/\/www.gestionmetropolis.ca\/fr\/logements-a-louer\/\",\"url\":\"https:\/\/www.gestionmetropolis.ca\/fr\/logements-a-louer\/\",\"name\":\"\u00c0 louer \u00e0 Gatineau | Gestion Metropolis\",\"isPartOf\":{\"@id\":\"https:\/\/www.gestionmetropolis.ca\/fr\/#website\"},\"primaryImageOfPage\":{\"@id\":\"https:\/\/www.gestionmetropolis.ca\/fr\/logements-a-louer\/#primaryimage\"},\"image\":{\"@id\":\"https:\/\/www.gestionmetropolis.ca\/fr\/logements-a-louer\/#primaryimage\"},\"thumbnailUrl\":\"https:\/\/www.gestionmetropolis.ca\/wp-content\/uploads\/2020\/03\/rent-icon.png\",\"datePublished\":\"2020-03-26T22:25:58+00:00\",\"dateModified\":\"2024-06-05T18:04:09+00:00\",\"description\":\"Appartement, d\u2019un condo, d\u2019une maison unifamiliale ou de tout autre type de logement, nous avons plusieurs choix \u00e0 vous offrir en Outaouais et ce service est enti\u00e8rement gratuit.\",\"breadcrumb\":{\"@id\":\"https:\/\/www.gestionmetropolis.ca\/fr\/logements-a-louer\/#breadcrumb\"},\"inLanguage\":\"fr-FR\",\"potentialAction\":[{\"@type\":\"ReadAction\",\"target\":[\"https:\/\/www.gestionmetropolis.ca\/fr\/logements-a-louer\/\"]}]},{\"@type\":\"ImageObject\",\"inLanguage\":\"fr-FR\",\"@id\":\"https:\/\/www.gestionmetropolis.ca\/fr\/logements-a-louer\/#primaryimage\",\"url\":\"https:\/\/www.gestionmetropolis.ca\/wp-content\/uploads\/2020\/03\/rent-icon.png\",\"contentUrl\":\"https:\/\/www.gestionmetropolis.ca\/wp-content\/uploads\/2020\/03\/rent-icon.png\",\"width\":120,\"height\":120},{\"@type\":\"BreadcrumbList\",\"@id\":\"https:\/\/www.gestionmetropolis.ca\/fr\/logements-a-louer\/#breadcrumb\",\"itemListElement\":[{\"@type\":\"ListItem\",\"position\":1,\"name\":\"Home\",\"item\":\"https:\/\/www.gestionmetropolis.ca\/fr\/\"},{\"@type\":\"ListItem\",\"position\":2,\"name\":\"Logements \u00e0 louer\"}]},{\"@type\":\"WebSite\",\"@id\":\"https:\/\/www.gestionmetropolis.ca\/fr\/#website\",\"url\":\"https:\/\/www.gestionmetropolis.ca\/fr\/\",\"name\":\"Gestion Immobili\u00e8re Metropolis Inc\",\"description\":\"Gestion de propri\u00e9t\u00e9s \u00e0 Gatineau\",\"publisher\":{\"@id\":\"https:\/\/www.gestionmetropolis.ca\/fr\/#organization\"},\"potentialAction\":[{\"@type\":\"SearchAction\",\"target\":{\"@type\":\"EntryPoint\",\"urlTemplate\":\"https:\/\/www.gestionmetropolis.ca\/fr\/?s={search_term_string}\"},\"query-input\":{\"@type\":\"PropertyValueSpecification\",\"valueRequired\":true,\"valueName\":\"search_term_string\"}}],\"inLanguage\":\"fr-FR\"},{\"@type\":\"Organization\",\"@id\":\"https:\/\/www.gestionmetropolis.ca\/fr\/#organization\",\"name\":\"Gestion Immobili\u00e8re Metropolis Inc\",\"url\":\"https:\/\/www.gestionmetropolis.ca\/fr\/\",\"logo\":{\"@type\":\"ImageObject\",\"inLanguage\":\"fr-FR\",\"@id\":\"https:\/\/www.gestionmetropolis.ca\/fr\/#\/schema\/logo\/image\/\",\"url\":\"https:\/\/www.gestionmetropolis.ca\/wp-content\/uploads\/2020\/03\/logo.png\",\"contentUrl\":\"https:\/\/www.gestionmetropolis.ca\/wp-content\/uploads\/2020\/03\/logo.png\",\"width\":760,\"height\":191,\"caption\":\"Gestion Immobili\u00e8re Metropolis Inc\"},\"image\":{\"@id\":\"https:\/\/www.gestionmetropolis.ca\/fr\/#\/schema\/logo\/image\/\"}}]}<\/script>\n<!-- \/ Yoast SEO plugin. -->","yoast_head_json":{"title":"\u00c0 louer \u00e0 Gatineau | Gestion Metropolis","description":"Appartement, d\u2019un condo, d\u2019une maison unifamiliale ou de tout autre type de logement, nous avons plusieurs choix \u00e0 vous offrir en Outaouais et ce service est enti\u00e8rement gratuit.","robots":{"index":"index","follow":"follow","max-snippet":"max-snippet:-1","max-image-preview":"max-image-preview:large","max-video-preview":"max-video-preview:-1"},"canonical":"https:\/\/www.gestionmetropolis.ca\/fr\/logements-a-louer\/","og_locale":"fr_FR","og_type":"article","og_title":"\u00c0 louer \u00e0 Gatineau | Gestion Metropolis","og_description":"Appartement, d\u2019un condo, d\u2019une maison unifamiliale ou de tout autre type de logement, nous avons plusieurs choix \u00e0 vous offrir en Outaouais et ce service est enti\u00e8rement gratuit.","og_url":"https:\/\/www.gestionmetropolis.ca\/fr\/logements-a-louer\/","og_site_name":"Gestion Immobili\u00e8re Metropolis Inc","article_modified_time":"2024-06-05T18:04:09+00:00","og_image":[{"width":120,"height":120,"url":"https:\/\/www.gestionmetropolis.ca\/wp-content\/uploads\/2020\/03\/rent-icon.png","type":"image\/png"}],"twitter_card":"summary_large_image","twitter_misc":{"Dur\u00e9e de lecture estim\u00e9e":"1 minute"},"schema":{"@context":"https:\/\/schema.org","@graph":[{"@type":"WebPage","@id":"https:\/\/www.gestionmetropolis.ca\/fr\/logements-a-louer\/","url":"https:\/\/www.gestionmetropolis.ca\/fr\/logements-a-louer\/","name":"\u00c0 louer \u00e0 Gatineau | Gestion Metropolis","isPartOf":{"@id":"https:\/\/www.gestionmetropolis.ca\/fr\/#website"},"primaryImageOfPage":{"@id":"https:\/\/www.gestionmetropolis.ca\/fr\/logements-a-louer\/#primaryimage"},"image":{"@id":"https:\/\/www.gestionmetropolis.ca\/fr\/logements-a-louer\/#primaryimage"},"thumbnailUrl":"https:\/\/www.gestionmetropolis.ca\/wp-content\/uploads\/2020\/03\/rent-icon.png","datePublished":"2020-03-26T22:25:58+00:00","dateModified":"2024-06-05T18:04:09+00:00","description":"Appartement, d\u2019un condo, d\u2019une maison unifamiliale ou de tout autre type de logement, nous avons plusieurs choix \u00e0 vous offrir en Outaouais et ce service est enti\u00e8rement gratuit.","breadcrumb":{"@id":"https:\/\/www.gestionmetropolis.ca\/fr\/logements-a-louer\/#breadcrumb"},"inLanguage":"fr-FR","potentialAction":[{"@type":"ReadAction","target":["https:\/\/www.gestionmetropolis.ca\/fr\/logements-a-louer\/"]}]},{"@type":"ImageObject","inLanguage":"fr-FR","@id":"https:\/\/www.gestionmetropolis.ca\/fr\/logements-a-louer\/#primaryimage","url":"https:\/\/www.gestionmetropolis.ca\/wp-content\/uploads\/2020\/03\/rent-icon.png","contentUrl":"https:\/\/www.gestionmetropolis.ca\/wp-content\/uploads\/2020\/03\/rent-icon.png","width":120,"height":120},{"@type":"BreadcrumbList","@id":"https:\/\/www.gestionmetropolis.ca\/fr\/logements-a-louer\/#breadcrumb","itemListElement":[{"@type":"ListItem","position":1,"name":"Home","item":"https:\/\/www.gestionmetropolis.ca\/fr\/"},{"@type":"ListItem","position":2,"name":"Logements \u00e0 louer"}]},{"@type":"WebSite","@id":"https:\/\/www.gestionmetropolis.ca\/fr\/#website","url":"https:\/\/www.gestionmetropolis.ca\/fr\/","name":"Gestion Immobili\u00e8re Metropolis Inc","description":"Gestion de propri\u00e9t\u00e9s \u00e0 Gatineau","publisher":{"@id":"https:\/\/www.gestionmetropolis.ca\/fr\/#organization"},"potentialAction":[{"@type":"SearchAction","target":{"@type":"EntryPoint","urlTemplate":"https:\/\/www.gestionmetropolis.ca\/fr\/?s={search_term_string}"},"query-input":{"@type":"PropertyValueSpecification","valueRequired":true,"valueName":"search_term_string"}}],"inLanguage":"fr-FR"},{"@type":"Organization","@id":"https:\/\/www.gestionmetropolis.ca\/fr\/#organization","name":"Gestion Immobili\u00e8re Metropolis Inc","url":"https:\/\/www.gestionmetropolis.ca\/fr\/","logo":{"@type":"ImageObject","inLanguage":"fr-FR","@id":"https:\/\/www.gestionmetropolis.ca\/fr\/#\/schema\/logo\/image\/","url":"https:\/\/www.gestionmetropolis.ca\/wp-content\/uploads\/2020\/03\/logo.png","contentUrl":"https:\/\/www.gestionmetropolis.ca\/wp-content\/uploads\/2020\/03\/logo.png","width":760,"height":191,"caption":"Gestion Immobili\u00e8re Metropolis Inc"},"image":{"@id":"https:\/\/www.gestionmetropolis.ca\/fr\/#\/schema\/logo\/image\/"}}]}},"_links":{"self":[{"href":"https:\/\/www.gestionmetropolis.ca\/fr\/wp-json\/wp\/v2\/pages\/12","targetHints":{"allow":["GET"]}}],"collection":[{"href":"https:\/\/www.gestionmetropolis.ca\/fr\/wp-json\/wp\/v2\/pages"}],"about":[{"href":"https:\/\/www.gestionmetropolis.ca\/fr\/wp-json\/wp\/v2\/types\/page"}],"author":[{"embeddable":true,"href":"https:\/\/www.gestionmetropolis.ca\/fr\/wp-json\/wp\/v2\/users\/3"}],"replies":[{"embeddable":true,"href":"https:\/\/www.gestionmetropolis.ca\/fr\/wp-json\/wp\/v2\/comments?post=12"}],"version-history":[{"count":18,"href":"https:\/\/www.gestionmetropolis.ca\/fr\/wp-json\/wp\/v2\/pages\/12\/revisions"}],"predecessor-version":[{"id":362,"href":"https:\/\/www.gestionmetropolis.ca\/fr\/wp-json\/wp\/v2\/pages\/12\/revisions\/362"}],"wp:featuredmedia":[{"embeddable":true,"href":"https:\/\/www.gestionmetropolis.ca\/fr\/wp-json\/wp\/v2\/media\/64"}],"wp:attachment":[{"href":"https:\/\/www.gestionmetropolis.ca\/fr\/wp-json\/wp\/v2\/media?parent=12"}],"wp:term":[{"taxonomy":"category","embeddable":true,"href":"https:\/\/www.gestionmetropolis.ca\/fr\/wp-json\/wp\/v2\/categories?post=12"}],"curies":[{"name":"wp","href":"https:\/\/api.w.org\/{rel}","templated":true}]}}