{"id":10,"date":"2020-03-26T18:24:53","date_gmt":"2020-03-26T22:24:53","guid":{"rendered":"https:\/\/www.gestionmetropolis.ca\/?page_id=10"},"modified":"2024-06-05T14:03:03","modified_gmt":"2024-06-05T18:03:03","slug":"immeubles-locatifs","status":"publish","type":"page","link":"https:\/\/www.gestionmetropolis.ca\/fr\/immeubles-locatifs\/","title":{"rendered":"Immeubles locatifs"},"content":{"rendered":"<div class=\"page-immeubles-locatifs\">\n<section class=\"h1-container\">\n<div class=\"container\">\n<div class=\"row align-items-center\">\n<div class=\"col-xl-7\">\n<div class=\"h1-div\">\n<div class=\"lc-block\">\n<div editable=\"rich\">\n<h1>Gestion<br \/>immobili\u00e8re Metropolis<strong>Pour une \u00e9quipe de gestion de qualit\u00e9 et qualifi\u00e9e, contactez-nous d\u00e8s aujourd\u2019hui si vous \u00eates \u00e0 Gatineau<\/strong><\/h1>\n<\/p><\/div>\n<\/p><\/div>\n<p><!-- \/lc-block --><\/p>\n<div class=\"lc-block\">\n\t\t\t\t\t\t\t<a class=\"btn contact\" href=\"#services\" role=\"button\">Renseignez-vous<br class=\"d-sm-none\"> sur nos services<\/a>\n\t\t\t\t\t\t<\/div>\n<p><!-- \/lc-block -->\n\t\t\t\t\t<\/div>\n<\/p><\/div>\n<p><!-- \/col --><\/p>\n<div class=\"col-12 col-xl-5 col-xxl-4 mt-5 mt-xl-0 mx-xl-auto\">\n<div class=\"lc-block d-xl-block d-flex flex-column flex-md-row justify-content-between justify-content-lg-around align-items-center\">\n<div lc-helper=\"shortcode\" class=\"live-shortcode\"><div class=\"avantages\"><div class=\"avantages-inner\"><h2>Avantages<\/h2><ul><li>Aucun d\u00e9p\u00f4t<\/li><li>Entreprise locale<\/li><li>Aucun engagement \u00e0 long terme<\/li><li>Aucun frais d'ouverture de dossier<\/li><\/ul><\/div><\/div><\/div>\n<\/p><\/div>\n<p><!-- \/lc-block -->\n\t\t\t\t<\/div>\n<p><!-- \/col -->\n\t\t\t<\/div>\n<\/p><\/div>\n<\/section>\n<section class=\"main-container\">\n<div class=\"container\">\n<div class=\"row\">\n<div class=\"col-12 col-xl-7 col-xxl-6\">\n<div class=\"lc-block\">\n<div lc-helper=\"shortcode\" class=\"live-shortcode\"><div class=\"sharethis-inline-share-buttons my-4\"><\/div><\/div>\n<\/p><\/div>\n<p><!-- \/lc-block --><\/p>\n<div class=\"lc-block\">\n<div editable=\"rich\">\n<h2>Nous vous proposons le service de gestion d\u2019immeubles locatifs en Outaouais<\/h2>\n<p>\u00cates-vous propri\u00e9taire d&rsquo;un ou plusieurs immeubles locatifs en Outaouais? Pourquoi ne pas vous transformer en investisseur immobilier? Laissez-nous nous occuper des op\u00e9rations courantes et commencez \u00e0 profiter de la vie! En d&rsquo;autres mots, passez plus de temps \u00e0 organiser votre portefeuille immobilier plut\u00f4t qu&rsquo;\u00e0 bricoler! Nous offrons une vari\u00e9t\u00e9 de services qui vous apporteront tranquillit\u00e9 d&rsquo;esprit et rentabilit\u00e9!<\/p>\n<h3>Mise en march\u00e9 et location de logements vacants en Outaouais<\/h3>\n<p>Pour ce service, Chez Gestion immobili\u00e8re Metropolis, nous nous assurons de bien conna\u00eetre le logement \u00e0 louer afin d&rsquo;en faire ressortir les avantages pour les locataires potentiels. Nous avons plusieurs m\u00e9thodes de publicit\u00e9 qui se sont prouv\u00e9es efficaces pour minimiser la p\u00e9riode de vacance des logements. Avec Gestion Metropolis, les disponibilit\u00e9s pour les visites sont vari\u00e9es et accommodantes (jour, soir, fin de semaine) afin que les locataires potentiels \u00e0 Gatineau obtiennent en tout temps une r\u00e9ponse de qualit\u00e9.<\/p>\n<h3>V\u00e9rification du dossier de cr\u00e9dit et r\u00e9f\u00e9rences des locataires potentiels<\/h3>\n<p>Chaque ann\u00e9e, environ 50 000 causes pour non-paiement de loyer sont inscrites \u00e0 la R\u00e9gie du logement du Qu\u00e9bec. Plusieurs propri\u00e9taires auraient pu \u00e9viter d\u2019en arriver l\u00e0 s\u2019ils avaient effectu\u00e9 une v\u00e9rification de cr\u00e9dit et de r\u00e9f\u00e9rences en bonne et due forme. Pour cela, fiez-vous \u00e0 Gestion Metropolis pour v\u00e9rifier la capacit\u00e9 de payer et les ant\u00e9c\u00e9dents de vos locataires potentiels en Outaouais!<\/p>\n<h3>Pr\u00e9paration, gestion et suivi des baux<\/h3>\n<p>Chez Gestion immobili\u00e8re Metropolis, nous utilisons des logiciels sp\u00e9cifiquement con\u00e7us pour la gestion immobili\u00e8re, ce qui permet un contr\u00f4le exceptionnel, notamment en ce qui concerne la gestion financi\u00e8re et les baux.<\/p>\n<h3>Perception des loyers<\/h3>\n<p>Nous vous enlevons la t\u00e2che de la gestion des loyers en nous chargeant de percevoir ceux qui sont dus et entamons, au besoin, les recours n\u00e9cessaires \u00e0 leur recouvrement.<\/p>\n<h3>Traitement et suivi des demandes des locataires<\/h3>\n<p>Chez Gestion immobili\u00e8re Metropolis, nous ne nous limitons pas seulement \u00e0 la gestion administrative. Nous sommes second\u00e9s par une \u00e9quipe d\u2019entretien et de r\u00e9paration comp\u00e9tente, nous sommes en mesure de r\u00e9pondre promptement aux demandes l\u00e9gitimes des locataires en Outaouais, 24 heures par jour, 7 jours par semaine.<\/p>\n<h3>R\u00e9parations et r\u00e9novations<\/h3>\n<p>Le gestionnaire effectue ou fait effectuer toutes les r\u00e9parations jug\u00e9es n\u00e9cessaires. Lorsque la propri\u00e9t\u00e9 requiert des travaux majeurs, le gestionnaire produit les devis et demande des soumissions aupr\u00e8s de professionnels sp\u00e9cialis\u00e9s et qualifi\u00e9s, ce qui vous enl\u00e8ve cette charge additionnelle.<\/p>\n<h3>Service d&rsquo;entretien<\/h3>\n<p>L&rsquo;immeuble doit \u00eatre propre en tout temps, et cela tant \u00e0 l&rsquo;ext\u00e9rieur qu&rsquo;\u00e0 l&rsquo;int\u00e9rieur et c\u2019est pourquoi nous assurons un service efficace d&rsquo;entretien m\u00e9nager. En plus de r\u00e9pondre \u00e0 ce besoin l\u00e9gitime des locataires \u00e0 Gatineau, un immeuble bien entretenu contribue \u00e0 diminuer le nombre de d\u00e9m\u00e9nagements et favorise la location \u00e0 une client\u00e8le de meilleure qualit\u00e9. Nos services sont offerts sur une base r\u00e9guli\u00e8re ou temporaire.<\/p>\n<p>N\u2019h\u00e9sitez surtout pas \u00e0 communiquer avec nous d\u00e8s aujourd\u2019hui 819-682-6703<\/p>\n<\/p><\/div>\n<\/p><\/div>\n<p><!-- \/lc-block --><\/p>\n<div class=\"lc-block\">\n<div lc-helper=\"shortcode\" class=\"live-shortcode\"><a class=\"contact btn\" href=\"https:\/\/www.gestionmetropolis.ca\/fr\/contact\/\" aria-label=\"Renseignez-vous d\u00e8s maintenant\">Renseignez-vous d\u00e8s maintenant<\/a><\/div>\n<\/p><\/div>\n<p><!-- \/lc-block -->\n\t\t\t\t<\/div>\n<p><!-- \/col --><\/p>\n<div class=\"col-5 offset-xxl-1 d-none d-xl-block mt-4\">\n<div class=\"lc-block infinite-right\">\n\t\t\t\t\t\t<img decoding=\"async\" class=\"img-fluid jetpack-lazy-image\" src=\"https:\/\/www.gestionmetropolis.ca\/wp-content\/uploads\/2020\/03\/clefs.png\" alt=\"\" data-lazy-src=\"https:\/\/www.gestionmetropolis.ca\/wp-content\/uploads\/2020\/03\/clefs.png?is-pending-load=1\" srcset=\"data:image\/gif;base64,R0lGODlhAQABAIAAAAAAAP\/\/\/yH5BAEAAAAALAAAAAABAAEAAAIBRAA7\"><noscript><img decoding=\"async\" data-lazy-fallback=\"1\" class=\"img-fluid\" src=\"https:\/\/www.gestionmetropolis.ca\/wp-content\/uploads\/2020\/03\/clefs.png\" alt=\"\"><\/noscript>\n\t\t\t\t\t<\/div>\n<p><!-- \/lc-block -->\n\t\t\t\t<\/div>\n<p><!-- \/col -->\n\t\t\t<\/div>\n<\/p><\/div>\n<\/section>\n<section class=\"badge-container py-5\">\n<div class=\"container\">\n<div class=\"row\">\n<div class=\"col-md-12\">\n<div class=\"lc-block\">\n<div lc-helper=\"shortcode\" class=\"live-shortcode\"><div class=\"choix_consommateur\"><a href=\"https:\/\/www.ccaward.com\/fr\/les-laur\u00e9ats\/gatineau-fr\/meilleur-gestion-de-propriete\/gestion-immobiliere-metropolis-inc\/\" target=\"_blank\" rel=\"noopener\"><img decoding=\"async\" src=\"https:\/\/www.gestionmetropolis.ca\/wp-content\/themes\/yannickweb-child\/assets\/images\/awards\/choix-consommateur-fr-2026.png\" class=\"\" alt=\"\"><\/a><a href=\"https:\/\/www.ccaward.com\/fr\/les-laur\u00e9ats\/gatineau-fr\/meilleur-gestion-de-propriete\/gestion-immobiliere-metropolis-inc\/\" target=\"_blank\" rel=\"noopener\"><img decoding=\"async\" src=\"https:\/\/www.gestionmetropolis.ca\/wp-content\/themes\/yannickweb-child\/assets\/images\/awards\/choix-consommateur-fr-2025.png\" class=\"\" alt=\"\"><\/a><a href=\"https:\/\/www.ccaward.com\/fr\/les-laur\u00e9ats\/gatineau-fr\/meilleur-gestion-de-propriete\/gestion-immobiliere-metropolis-inc\/\" target=\"_blank\" rel=\"noopener\"><img decoding=\"async\" src=\"https:\/\/www.gestionmetropolis.ca\/wp-content\/themes\/yannickweb-child\/assets\/images\/awards\/choix-consommateur-fr-2024.png\" class=\"\" alt=\"\"><\/a><a href=\"https:\/\/www.ccaward.com\/fr\/les-laur\u00e9ats\/gatineau-fr\/meilleur-gestion-de-propriete\/gestion-immobiliere-metropolis-inc\/\" target=\"_blank\" rel=\"noopener\"><img decoding=\"async\" src=\"https:\/\/www.gestionmetropolis.ca\/wp-content\/themes\/yannickweb-child\/assets\/images\/awards\/choix-consommateur-fr-2023.png\" class=\"\" alt=\"\"><\/a><a href=\"https:\/\/www.ccaward.com\/fr\/les-laur\u00e9ats\/gatineau-fr\/meilleur-gestion-de-propriete\/gestion-immobiliere-metropolis-inc\/\" target=\"_blank\" rel=\"noopener\"><img decoding=\"async\" src=\"https:\/\/www.gestionmetropolis.ca\/wp-content\/themes\/yannickweb-child\/assets\/images\/awards\/choix-consommateur-fr-2022.png\" class=\"\" alt=\"\"><\/a><a href=\"https:\/\/www.ccaward.com\/fr\/les-laur\u00e9ats\/gatineau-fr\/meilleur-gestion-de-propriete\/gestion-immobiliere-metropolis-inc\/\" target=\"_blank\" rel=\"noopener\"><img decoding=\"async\" src=\"https:\/\/www.gestionmetropolis.ca\/wp-content\/themes\/yannickweb-child\/assets\/images\/awards\/choix-consommateur-fr-2020.png\" class=\"\" alt=\"\"><\/a><a href=\"https:\/\/threebestrated.ca\/fr-soci\u00e9t\u00e9s-de-gestion-immobili\u00e8re-in-gatineau-qc\" target=\"_blank\" rel=\"noopener\" class=\"d-flex\"><img src='https:\/\/threebestrated.ca\/awards-fr\/soci\u00e9t\u00e9s_de_gestion_immobili\u00e8re-gatineau-2021-drk.svg' alt=''><\/a><a href=\"https:\/\/threebestrated.ca\/fr-soci\u00e9t\u00e9s-de-gestion-immobili\u00e8re-in-gatineau-qc\" target=\"_blank\" rel=\"noopener\" class=\"d-flex\"><img src='https:\/\/threebestrated.ca\/awards-fr\/soci\u00e9t\u00e9s_de_gestion_immobili\u00e8re-gatineau-2020-drk.svg' alt=''><\/a><a><img decoding=\"async\" src=\"https:\/\/www.gestionmetropolis.ca\/wp-content\/themes\/yannickweb-child\/assets\/images\/awards\/excellence-2022.png\" class=\"award-2022\" alt=\"\"><\/a><a><img decoding=\"async\" src=\"https:\/\/www.gestionmetropolis.ca\/wp-content\/themes\/yannickweb-child\/assets\/images\/awards\/excellence-fr-2023.png\" class=\"award-2023\" alt=\"\"><\/a><a><img decoding=\"async\" src=\"https:\/\/www.gestionmetropolis.ca\/wp-content\/themes\/yannickweb-child\/assets\/images\/awards\/excellence-fr-2024.png\" class=\"award-2024\" alt=\"\"><\/a><a><img decoding=\"async\" src=\"https:\/\/www.gestionmetropolis.ca\/wp-content\/themes\/yannickweb-child\/assets\/images\/awards\/excellence-2025.png\" class=\"award-2025\" alt=\"\"><\/a><a><img decoding=\"async\" src=\"https:\/\/www.gestionmetropolis.ca\/wp-content\/themes\/yannickweb-child\/assets\/images\/awards\/excellence-fr-2026.png\" class=\"award-2026\" alt=\"\"><\/a><\/div><\/div>\n<\/p><\/div>\n<p><!-- \/lc-block -->\n\t\t\t\t<\/div>\n<p><!-- \/col -->\n\t\t\t<\/div>\n<\/p><\/div>\n<\/section>\n<section class=\"services-container\" id=\"services\">\n<div class=\"container\">\n<div class=\"row\">\n<div class=\"col\">\n<div class=\"services\">\n<div class=\"lc-block\">\n<div editable=\"rich\" class=\"text-center\">\n<h2>Nos services<\/h2>\n<p>Nous offrons une vari\u00e9t\u00e9 de services de gestion immobili\u00e8re dans la r\u00e9gion de Gatineau.<\/p>\n<\/p><\/div>\n<\/p><\/div>\n<p><!-- \/lc-block --><\/p>\n<div class=\"lc-block\">\n<div lc-helper=\"shortcode\" class=\"live-shortcode\"><ul class=\"services_pages_list row\"><li class=\"service col-12 col-xl-4 col-xxl-3\"><a class=\"service-link\" href=\"https:\/\/www.gestionmetropolis.ca\/fr\/proprietes-residentielles\/\"><span class=\"service-img\"><img decoding=\"async\" width=\"126\" height=\"126\" src=\"https:\/\/www.gestionmetropolis.ca\/wp-content\/uploads\/2020\/03\/house-icon.png\" class=\"attachment-full size-full wp-post-image\" alt=\"\" \/><\/span><span class=\"service-text\">Propri\u00e9t\u00e9s r\u00e9sidentielles<\/span><\/a><\/li><li class=\"service col-12 col-xl-4 col-xxl-3\"><a class=\"service-link\" href=\"https:\/\/www.gestionmetropolis.ca\/fr\/immeubles-locatifs\/\"><span class=\"service-img\"><img decoding=\"async\" width=\"116\" height=\"116\" src=\"https:\/\/www.gestionmetropolis.ca\/wp-content\/uploads\/2020\/03\/building-icon.png\" class=\"attachment-full size-full wp-post-image\" alt=\"\" \/><\/span><span class=\"service-text\">Immeubles locatifs<\/span><\/a><\/li><li class=\"service col-12 col-xl-4 col-xxl-3\"><a class=\"service-link\" href=\"https:\/\/www.gestionmetropolis.ca\/fr\/logements-a-louer\/\"><span class=\"service-img\"><img decoding=\"async\" width=\"120\" height=\"120\" src=\"https:\/\/www.gestionmetropolis.ca\/wp-content\/uploads\/2020\/03\/rent-icon.png\" class=\"attachment-full size-full wp-post-image\" alt=\"\" \/><\/span><span class=\"service-text\">Logements \u00e0 louer<\/span><\/a><\/li><\/ul><\/div>\n<\/p><\/div>\n<p><!-- \/lc-block -->\n\t\t\t\t\t<\/div>\n<\/p><\/div>\n<p><!-- \/col -->\n\t\t\t<\/div>\n<\/p><\/div>\n<\/section>\n<section class=\"video-container\">\n<div class=\"container\">\n<div class=\"row\">\n<div class=\"col-12\">\n<div class=\"video\">\n\t\t\t\t\t\t<video controls=\"\" preload=\"metadata\" poster=\"https:\/\/www.gestionmetropolis.ca\/wp-content\/uploads\/2020\/04\/video.png\"><source type=\"video\/mp4\" src=\"https:\/\/www.gestionmetropolis.ca\/wp-content\/uploads\/2020\/04\/Gestion-Immobiliere-Metropolis.mp4\"><\/video>\n\t\t\t\t\t<\/div>\n<\/p><\/div>\n<p><!-- \/col -->\n\t\t\t<\/div>\n<\/p><\/div>\n<\/section>\n<\/div>\n","protected":false},"excerpt":{"rendered":"<p>Gestionimmobili\u00e8re MetropolisPour une \u00e9quipe de gestion de qualit\u00e9 et qualifi\u00e9e, contactez-nous d\u00e8s aujourd\u2019hui si vous \u00eates \u00e0 Gatineau Renseignez-vous sur nos services Nous vous proposons le service de gestion d\u2019immeubles locatifs en Outaouais \u00cates-vous propri\u00e9taire d&rsquo;un ou plusieurs immeubles locatifs en Outaouais? Pourquoi ne pas vous transformer en investisseur immobilier? Laissez-nous nous occuper des op\u00e9rations [&hellip;]<\/p>\n","protected":false},"author":3,"featured_media":66,"parent":0,"menu_order":2,"comment_status":"closed","ping_status":"closed","template":"","meta":{"footnotes":""},"categories":[5],"class_list":["post-10","page","type-page","status-publish","has-post-thumbnail","hentry","category-service"],"yoast_head":"<!-- This site is optimized with the Yoast SEO plugin v27.2 - https:\/\/yoast.com\/product\/yoast-seo-wordpress\/ -->\n<title>Investissement immobilier en Outaouais | Gestion Metropolis<\/title>\n<meta name=\"description\" content=\"Laissez-nous nous occuper des op\u00e9rations de vos immeubles locatifs. Nous nous assurons de conna\u00eetre le logement et d&#039;en faire ressortir les avantages pour les locataires potentiels.\" \/>\n<meta name=\"robots\" content=\"index, follow, max-snippet:-1, max-image-preview:large, max-video-preview:-1\" \/>\n<link rel=\"canonical\" href=\"https:\/\/www.gestionmetropolis.ca\/fr\/immeubles-locatifs\/\" \/>\n<meta property=\"og:locale\" content=\"fr_FR\" \/>\n<meta property=\"og:type\" content=\"article\" \/>\n<meta property=\"og:title\" content=\"Investissement immobilier en Outaouais | Gestion Metropolis\" \/>\n<meta property=\"og:description\" content=\"Laissez-nous nous occuper des op\u00e9rations de vos immeubles locatifs. Nous nous assurons de conna\u00eetre le logement et d&#039;en faire ressortir les avantages pour les locataires potentiels.\" \/>\n<meta property=\"og:url\" content=\"https:\/\/www.gestionmetropolis.ca\/fr\/immeubles-locatifs\/\" \/>\n<meta property=\"og:site_name\" content=\"Gestion Immobili\u00e8re Metropolis Inc\" \/>\n<meta property=\"article:modified_time\" content=\"2024-06-05T18:03:03+00:00\" \/>\n<meta property=\"og:image\" content=\"https:\/\/www.gestionmetropolis.ca\/wp-content\/uploads\/2020\/03\/building-icon.png\" \/>\n\t<meta property=\"og:image:width\" content=\"116\" \/>\n\t<meta property=\"og:image:height\" content=\"116\" \/>\n\t<meta property=\"og:image:type\" content=\"image\/png\" \/>\n<meta name=\"twitter:card\" content=\"summary_large_image\" \/>\n<meta name=\"twitter:label1\" content=\"Dur\u00e9e de lecture estim\u00e9e\" \/>\n\t<meta name=\"twitter:data1\" content=\"3 minutes\" \/>\n<script type=\"application\/ld+json\" class=\"yoast-schema-graph\">{\"@context\":\"https:\/\/schema.org\",\"@graph\":[{\"@type\":\"WebPage\",\"@id\":\"https:\/\/www.gestionmetropolis.ca\/fr\/immeubles-locatifs\/\",\"url\":\"https:\/\/www.gestionmetropolis.ca\/fr\/immeubles-locatifs\/\",\"name\":\"Investissement immobilier en Outaouais | Gestion Metropolis\",\"isPartOf\":{\"@id\":\"https:\/\/www.gestionmetropolis.ca\/fr\/#website\"},\"primaryImageOfPage\":{\"@id\":\"https:\/\/www.gestionmetropolis.ca\/fr\/immeubles-locatifs\/#primaryimage\"},\"image\":{\"@id\":\"https:\/\/www.gestionmetropolis.ca\/fr\/immeubles-locatifs\/#primaryimage\"},\"thumbnailUrl\":\"https:\/\/www.gestionmetropolis.ca\/wp-content\/uploads\/2020\/03\/building-icon.png\",\"datePublished\":\"2020-03-26T22:24:53+00:00\",\"dateModified\":\"2024-06-05T18:03:03+00:00\",\"description\":\"Laissez-nous nous occuper des op\u00e9rations de vos immeubles locatifs. Nous nous assurons de conna\u00eetre le logement et d'en faire ressortir les avantages pour les locataires potentiels.\",\"breadcrumb\":{\"@id\":\"https:\/\/www.gestionmetropolis.ca\/fr\/immeubles-locatifs\/#breadcrumb\"},\"inLanguage\":\"fr-FR\",\"potentialAction\":[{\"@type\":\"ReadAction\",\"target\":[\"https:\/\/www.gestionmetropolis.ca\/fr\/immeubles-locatifs\/\"]}]},{\"@type\":\"ImageObject\",\"inLanguage\":\"fr-FR\",\"@id\":\"https:\/\/www.gestionmetropolis.ca\/fr\/immeubles-locatifs\/#primaryimage\",\"url\":\"https:\/\/www.gestionmetropolis.ca\/wp-content\/uploads\/2020\/03\/building-icon.png\",\"contentUrl\":\"https:\/\/www.gestionmetropolis.ca\/wp-content\/uploads\/2020\/03\/building-icon.png\",\"width\":116,\"height\":116},{\"@type\":\"BreadcrumbList\",\"@id\":\"https:\/\/www.gestionmetropolis.ca\/fr\/immeubles-locatifs\/#breadcrumb\",\"itemListElement\":[{\"@type\":\"ListItem\",\"position\":1,\"name\":\"Home\",\"item\":\"https:\/\/www.gestionmetropolis.ca\/fr\/\"},{\"@type\":\"ListItem\",\"position\":2,\"name\":\"Immeubles locatifs\"}]},{\"@type\":\"WebSite\",\"@id\":\"https:\/\/www.gestionmetropolis.ca\/fr\/#website\",\"url\":\"https:\/\/www.gestionmetropolis.ca\/fr\/\",\"name\":\"Gestion Immobili\u00e8re Metropolis Inc\",\"description\":\"Gestion de propri\u00e9t\u00e9s \u00e0 Gatineau\",\"publisher\":{\"@id\":\"https:\/\/www.gestionmetropolis.ca\/fr\/#organization\"},\"potentialAction\":[{\"@type\":\"SearchAction\",\"target\":{\"@type\":\"EntryPoint\",\"urlTemplate\":\"https:\/\/www.gestionmetropolis.ca\/fr\/?s={search_term_string}\"},\"query-input\":{\"@type\":\"PropertyValueSpecification\",\"valueRequired\":true,\"valueName\":\"search_term_string\"}}],\"inLanguage\":\"fr-FR\"},{\"@type\":\"Organization\",\"@id\":\"https:\/\/www.gestionmetropolis.ca\/fr\/#organization\",\"name\":\"Gestion Immobili\u00e8re Metropolis Inc\",\"url\":\"https:\/\/www.gestionmetropolis.ca\/fr\/\",\"logo\":{\"@type\":\"ImageObject\",\"inLanguage\":\"fr-FR\",\"@id\":\"https:\/\/www.gestionmetropolis.ca\/fr\/#\/schema\/logo\/image\/\",\"url\":\"https:\/\/www.gestionmetropolis.ca\/wp-content\/uploads\/2020\/03\/logo.png\",\"contentUrl\":\"https:\/\/www.gestionmetropolis.ca\/wp-content\/uploads\/2020\/03\/logo.png\",\"width\":760,\"height\":191,\"caption\":\"Gestion Immobili\u00e8re Metropolis Inc\"},\"image\":{\"@id\":\"https:\/\/www.gestionmetropolis.ca\/fr\/#\/schema\/logo\/image\/\"}}]}<\/script>\n<!-- \/ Yoast SEO plugin. -->","yoast_head_json":{"title":"Investissement immobilier en Outaouais | Gestion Metropolis","description":"Laissez-nous nous occuper des op\u00e9rations de vos immeubles locatifs. Nous nous assurons de conna\u00eetre le logement et d'en faire ressortir les avantages pour les locataires potentiels.","robots":{"index":"index","follow":"follow","max-snippet":"max-snippet:-1","max-image-preview":"max-image-preview:large","max-video-preview":"max-video-preview:-1"},"canonical":"https:\/\/www.gestionmetropolis.ca\/fr\/immeubles-locatifs\/","og_locale":"fr_FR","og_type":"article","og_title":"Investissement immobilier en Outaouais | Gestion Metropolis","og_description":"Laissez-nous nous occuper des op\u00e9rations de vos immeubles locatifs. Nous nous assurons de conna\u00eetre le logement et d'en faire ressortir les avantages pour les locataires potentiels.","og_url":"https:\/\/www.gestionmetropolis.ca\/fr\/immeubles-locatifs\/","og_site_name":"Gestion Immobili\u00e8re Metropolis Inc","article_modified_time":"2024-06-05T18:03:03+00:00","og_image":[{"width":116,"height":116,"url":"https:\/\/www.gestionmetropolis.ca\/wp-content\/uploads\/2020\/03\/building-icon.png","type":"image\/png"}],"twitter_card":"summary_large_image","twitter_misc":{"Dur\u00e9e de lecture estim\u00e9e":"3 minutes"},"schema":{"@context":"https:\/\/schema.org","@graph":[{"@type":"WebPage","@id":"https:\/\/www.gestionmetropolis.ca\/fr\/immeubles-locatifs\/","url":"https:\/\/www.gestionmetropolis.ca\/fr\/immeubles-locatifs\/","name":"Investissement immobilier en Outaouais | Gestion Metropolis","isPartOf":{"@id":"https:\/\/www.gestionmetropolis.ca\/fr\/#website"},"primaryImageOfPage":{"@id":"https:\/\/www.gestionmetropolis.ca\/fr\/immeubles-locatifs\/#primaryimage"},"image":{"@id":"https:\/\/www.gestionmetropolis.ca\/fr\/immeubles-locatifs\/#primaryimage"},"thumbnailUrl":"https:\/\/www.gestionmetropolis.ca\/wp-content\/uploads\/2020\/03\/building-icon.png","datePublished":"2020-03-26T22:24:53+00:00","dateModified":"2024-06-05T18:03:03+00:00","description":"Laissez-nous nous occuper des op\u00e9rations de vos immeubles locatifs. Nous nous assurons de conna\u00eetre le logement et d'en faire ressortir les avantages pour les locataires potentiels.","breadcrumb":{"@id":"https:\/\/www.gestionmetropolis.ca\/fr\/immeubles-locatifs\/#breadcrumb"},"inLanguage":"fr-FR","potentialAction":[{"@type":"ReadAction","target":["https:\/\/www.gestionmetropolis.ca\/fr\/immeubles-locatifs\/"]}]},{"@type":"ImageObject","inLanguage":"fr-FR","@id":"https:\/\/www.gestionmetropolis.ca\/fr\/immeubles-locatifs\/#primaryimage","url":"https:\/\/www.gestionmetropolis.ca\/wp-content\/uploads\/2020\/03\/building-icon.png","contentUrl":"https:\/\/www.gestionmetropolis.ca\/wp-content\/uploads\/2020\/03\/building-icon.png","width":116,"height":116},{"@type":"BreadcrumbList","@id":"https:\/\/www.gestionmetropolis.ca\/fr\/immeubles-locatifs\/#breadcrumb","itemListElement":[{"@type":"ListItem","position":1,"name":"Home","item":"https:\/\/www.gestionmetropolis.ca\/fr\/"},{"@type":"ListItem","position":2,"name":"Immeubles locatifs"}]},{"@type":"WebSite","@id":"https:\/\/www.gestionmetropolis.ca\/fr\/#website","url":"https:\/\/www.gestionmetropolis.ca\/fr\/","name":"Gestion Immobili\u00e8re Metropolis Inc","description":"Gestion de propri\u00e9t\u00e9s \u00e0 Gatineau","publisher":{"@id":"https:\/\/www.gestionmetropolis.ca\/fr\/#organization"},"potentialAction":[{"@type":"SearchAction","target":{"@type":"EntryPoint","urlTemplate":"https:\/\/www.gestionmetropolis.ca\/fr\/?s={search_term_string}"},"query-input":{"@type":"PropertyValueSpecification","valueRequired":true,"valueName":"search_term_string"}}],"inLanguage":"fr-FR"},{"@type":"Organization","@id":"https:\/\/www.gestionmetropolis.ca\/fr\/#organization","name":"Gestion Immobili\u00e8re Metropolis Inc","url":"https:\/\/www.gestionmetropolis.ca\/fr\/","logo":{"@type":"ImageObject","inLanguage":"fr-FR","@id":"https:\/\/www.gestionmetropolis.ca\/fr\/#\/schema\/logo\/image\/","url":"https:\/\/www.gestionmetropolis.ca\/wp-content\/uploads\/2020\/03\/logo.png","contentUrl":"https:\/\/www.gestionmetropolis.ca\/wp-content\/uploads\/2020\/03\/logo.png","width":760,"height":191,"caption":"Gestion Immobili\u00e8re Metropolis Inc"},"image":{"@id":"https:\/\/www.gestionmetropolis.ca\/fr\/#\/schema\/logo\/image\/"}}]}},"_links":{"self":[{"href":"https:\/\/www.gestionmetropolis.ca\/fr\/wp-json\/wp\/v2\/pages\/10","targetHints":{"allow":["GET"]}}],"collection":[{"href":"https:\/\/www.gestionmetropolis.ca\/fr\/wp-json\/wp\/v2\/pages"}],"about":[{"href":"https:\/\/www.gestionmetropolis.ca\/fr\/wp-json\/wp\/v2\/types\/page"}],"author":[{"embeddable":true,"href":"https:\/\/www.gestionmetropolis.ca\/fr\/wp-json\/wp\/v2\/users\/3"}],"replies":[{"embeddable":true,"href":"https:\/\/www.gestionmetropolis.ca\/fr\/wp-json\/wp\/v2\/comments?post=10"}],"version-history":[{"count":22,"href":"https:\/\/www.gestionmetropolis.ca\/fr\/wp-json\/wp\/v2\/pages\/10\/revisions"}],"predecessor-version":[{"id":361,"href":"https:\/\/www.gestionmetropolis.ca\/fr\/wp-json\/wp\/v2\/pages\/10\/revisions\/361"}],"wp:featuredmedia":[{"embeddable":true,"href":"https:\/\/www.gestionmetropolis.ca\/fr\/wp-json\/wp\/v2\/media\/66"}],"wp:attachment":[{"href":"https:\/\/www.gestionmetropolis.ca\/fr\/wp-json\/wp\/v2\/media?parent=10"}],"wp:term":[{"taxonomy":"category","embeddable":true,"href":"https:\/\/www.gestionmetropolis.ca\/fr\/wp-json\/wp\/v2\/categories?post=10"}],"curies":[{"name":"wp","href":"https:\/\/api.w.org\/{rel}","templated":true}]}}