{"id":32,"date":"2020-03-27T06:53:03","date_gmt":"2020-03-27T10:53:03","guid":{"rendered":"https:\/\/www.gestionmetropolis.ca\/?page_id=32"},"modified":"2024-06-05T13:52:29","modified_gmt":"2024-06-05T17:52:29","slug":"residential-properties","status":"publish","type":"page","link":"https:\/\/www.gestionmetropolis.ca\/en\/residential-properties\/","title":{"rendered":"Residential properties"},"content":{"rendered":"<div class=\"page-proprietes-residentielles\">\n<section class=\"h1-container\">\n<div class=\"container\">\n<div class=\"row align-items-center\">\n<div class=\"col-xl-7\">\n<div class=\"h1-div\">\n<div class=\"lc-block\">\n<div editable=\"rich\">\n<h1>METROPOLIS<\/h1>\n<h1>PROPERTY MANAGEMENT<strong>Entrust us with the task of managing your residential properties in Gatineau.<\/strong><\/h1>\n<\/p><\/div>\n<\/p><\/div>\n<p><!-- \/lc-block --><\/p>\n<div class=\"lc-block\">\n\t\t\t\t\t\t\t<a class=\"btn contact\" href=\"#services\" role=\"button\">Ask about our services<\/a>\n\t\t\t\t\t\t<\/div>\n<p><!-- \/lc-block -->\n\t\t\t\t\t<\/div>\n<\/p><\/div>\n<p><!-- \/col --><\/p>\n<div class=\"col-12 col-xl-5 col-xxl-4 mt-5 mt-xl-0 mx-xl-auto\">\n<div class=\"lc-block d-xl-block d-flex flex-column flex-md-row justify-content-between justify-content-lg-around align-items-center\">\n<div lc-helper=\"shortcode\" class=\"live-shortcode\"><div class=\"avantages\"><div class=\"avantages-inner\"><h2>Benefits<\/h2><ul><li>No deposit<\/li><li>Local company<\/li><li>No long term engagement<\/li><li>No fees to open file<\/li><\/ul><\/div><\/div><\/div>\n<\/p><\/div>\n<p><!-- \/lc-block -->\n\t\t\t\t<\/div>\n<p><!-- \/col -->\n\t\t\t<\/div>\n<\/p><\/div>\n<\/section>\n<section class=\"main-container\">\n<div class=\"container\">\n<div class=\"row align-items-center\">\n<div class=\"col-12 col-xl-7 col-xxl-6\">\n<div class=\"lc-block\">\n<div lc-helper=\"shortcode\" class=\"live-shortcode\"><div class=\"sharethis-inline-share-buttons my-4\"><\/div><\/div>\n<\/p><\/div>\n<p><!-- \/lc-block --><\/p>\n<div class=\"lc-block\">\n<div editable=\"rich\">\n<h2>In Gatineau, we offer management of residential properties, rental properties and much more<\/h2>\n<p> A reliable and comprehensive service of managing, renting, monitoring and maintaining properties held by lenders or by individuals. Whether your building is vacant because of your vacation, hospitalization, job transfer, bank recovery or any other reason, you can rely on Metropolis Property Management to mow the lawn, remove the snow, regularly visit and monitor, etc.<\/p>\n<p>When necessary, we can find a good tenant by marketing your property effectively. At Property management Metropolis, we ensure that we have a good knowledge of your property to highlight its advantages and we use various and effective advertising medias in order to minimize the vacancy period. Metropolis Management offers a wide period of availability for visits (day, evening, weekend) so that prospective tenants can get a quality response at any time.<\/p>\n<p>Assisted by a skilled team of maintenance and repair, we are able to respond promptly to legitimate requests from tenants, 24 hours a day, 7 days a week. We also collect all rents and initiate, if necessary, recourse for their recovery. Approximately 50,000 cases for non-payment of rent are recorded annually at the R\u00e9gie du logement du Qu\u00e9bec. Many owners could have avoided reaching this point if they had done a proper credit and reference check. You can rely on Metropolis Property Management to thoroughly verify the ability to pay and past history of your potential tenants.<\/p>\n<p>Our residential property management service in Gatineau offers you peace of mind by acting in your best interest and protecting your investment.<\/p>\n<p> Do not hesitate to contact us by phone at 819-682-6703 if you require more information.<\/p>\n<\/p><\/div>\n<\/p><\/div>\n<p><!-- \/lc-block --><\/p>\n<div class=\"lc-block\">\n<div lc-helper=\"shortcode\" class=\"live-shortcode\"><a class=\"contact btn\" href=\"https:\/\/www.gestionmetropolis.ca\/fr\/contact\/\" aria-label=\"Get an appointment\">Get an appointment<\/a><\/div>\n<\/p><\/div>\n<p><!-- \/lc-block -->\n\t\t\t\t<\/div>\n<p><!-- \/col --><\/p>\n<div class=\"col-5 offset-xxl-1 d-none d-xl-block\">\n<div class=\"lc-block infinite-right\">\n\t\t\t\t\t\t<img decoding=\"async\" class=\"img-fluid jetpack-lazy-image\" src=\"https:\/\/www.gestionmetropolis.ca\/wp-content\/uploads\/2020\/04\/mini-maison.jpg\" alt=\"\" data-lazy-src=\"https:\/\/www.gestionmetropolis.ca\/wp-content\/uploads\/2020\/04\/mini-maison.jpg?is-pending-load=1\" srcset=\"data:image\/gif;base64,R0lGODlhAQABAIAAAAAAAP\/\/\/yH5BAEAAAAALAAAAAABAAEAAAIBRAA7\"><noscript><img decoding=\"async\" data-lazy-fallback=\"1\" class=\"img-fluid\" src=\"https:\/\/www.gestionmetropolis.ca\/wp-content\/uploads\/2020\/04\/mini-maison.jpg\" alt=\"\"><\/noscript>\n\t\t\t\t\t<\/div>\n<p><!-- \/lc-block -->\n\t\t\t\t<\/div>\n<p><!-- \/col -->\n\t\t\t<\/div>\n<\/p><\/div>\n<\/section>\n<section class=\"badge-container py-5\">\n<div class=\"container\">\n<div class=\"row\">\n<div class=\"col-md-12\">\n<div class=\"lc-block\">\n<div lc-helper=\"shortcode\" class=\"live-shortcode\"><div class=\"choix_consommateur\"><a href=\"https:\/\/www.ccaward.com\/award-winners\/gatineau-surrounding-area\/best-property-management\/gestion-immobiliere-metropolis-inc\/\" target=\"_blank\" rel=\"noopener\"><img decoding=\"async\" src=\"https:\/\/www.gestionmetropolis.ca\/wp-content\/themes\/yannickweb-child\/assets\/images\/awards\/choix-consommateur-en-2026.png\" class=\"\" alt=\"\"><\/a><a href=\"https:\/\/www.ccaward.com\/award-winners\/gatineau-surrounding-area\/best-property-management\/gestion-immobiliere-metropolis-inc\/\" target=\"_blank\" rel=\"noopener\"><img decoding=\"async\" src=\"https:\/\/www.gestionmetropolis.ca\/wp-content\/themes\/yannickweb-child\/assets\/images\/awards\/choix-consommateur-en-2025.png\" class=\"\" alt=\"\"><\/a><a href=\"https:\/\/www.ccaward.com\/award-winners\/gatineau-surrounding-area\/best-property-management\/gestion-immobiliere-metropolis-inc\/\" target=\"_blank\" rel=\"noopener\"><img decoding=\"async\" src=\"https:\/\/www.gestionmetropolis.ca\/wp-content\/themes\/yannickweb-child\/assets\/images\/awards\/choix-consommateur-en-2024.png\" class=\"\" alt=\"\"><\/a><a href=\"https:\/\/www.ccaward.com\/award-winners\/gatineau-surrounding-area\/best-property-management\/gestion-immobiliere-metropolis-inc\/\" target=\"_blank\" rel=\"noopener\"><img decoding=\"async\" src=\"https:\/\/www.gestionmetropolis.ca\/wp-content\/themes\/yannickweb-child\/assets\/images\/awards\/choix-consommateur-en-2023.png\" class=\"\" alt=\"\"><\/a><a href=\"https:\/\/www.ccaward.com\/award-winners\/gatineau-surrounding-area\/best-property-management\/gestion-immobiliere-metropolis-inc\/\" target=\"_blank\" rel=\"noopener\"><img decoding=\"async\" src=\"https:\/\/www.gestionmetropolis.ca\/wp-content\/themes\/yannickweb-child\/assets\/images\/awards\/choix-consommateur-fr-2022.png\" class=\"\" alt=\"\"><\/a><a href=\"https:\/\/www.ccaward.com\/award-winners\/gatineau-surrounding-area\/best-property-management\/gestion-immobiliere-metropolis-inc\/\" target=\"_blank\" rel=\"noopener\"><img decoding=\"async\" src=\"https:\/\/www.gestionmetropolis.ca\/wp-content\/themes\/yannickweb-child\/assets\/images\/awards\/choix-consommateur-en-2020.png\" class=\"\" alt=\"\"><\/a><a href=\"https:\/\/threebestrated.ca\/property-management-companies-in-gatineau-qc\" target=\"_blank\" rel=\"noopener\" class=\"d-flex\"><img src='https:\/\/threebestrated.ca\/awards\/property_management_companies-gatineau-2021-drk.svg' alt=''><\/a><a href=\"https:\/\/threebestrated.ca\/property-management-companies-in-gatineau-qc\" target=\"_blank\" rel=\"noopener\" class=\"d-flex\"><img src='https:\/\/threebestrated.ca\/awards\/property_management_companies-gatineau-2020-drk.svg' alt=''><\/a><a><img decoding=\"async\" src=\"https:\/\/www.gestionmetropolis.ca\/wp-content\/themes\/yannickweb-child\/assets\/images\/awards\/excellence-2022.png\" class=\"award-2022\" alt=\"\"><\/a><a><img decoding=\"async\" src=\"https:\/\/www.gestionmetropolis.ca\/wp-content\/themes\/yannickweb-child\/assets\/images\/awards\/excellence-en-2023.png\" class=\"award-2023\" alt=\"\"><\/a><a><img decoding=\"async\" src=\"https:\/\/www.gestionmetropolis.ca\/wp-content\/themes\/yannickweb-child\/assets\/images\/awards\/excellence-en-2024.png\" class=\"award-2024\" alt=\"\"><\/a><a><img decoding=\"async\" src=\"https:\/\/www.gestionmetropolis.ca\/wp-content\/themes\/yannickweb-child\/assets\/images\/awards\/excellence-2025.png\" class=\"award-2025\" alt=\"\"><\/a><a><img decoding=\"async\" src=\"https:\/\/www.gestionmetropolis.ca\/wp-content\/themes\/yannickweb-child\/assets\/images\/awards\/excellence-en-2026.png\" class=\"award-2026\" alt=\"\"><\/a><\/div><\/div>\n<\/p><\/div>\n<p><!-- \/lc-block -->\n\t\t\t\t<\/div>\n<p><!-- \/col -->\n\t\t\t<\/div>\n<\/p><\/div>\n<\/section>\n<section class=\"about-container\">\n<div class=\"container\">\n<div class=\"row justify-content-center text-center\">\n<div class=\"col-12 col-lg-10 col-xl-7 col-xxl-6\">\n<div class=\"lc-block\">\n<div editable=\"rich\">\n<h2>What are the advantages of a property management service in Gatineau?<\/h2>\n<p>Metropolis Property Management is your ally for the management of your properties in Gatineau. By trusting us, you will not have to manage the multiple situations that present themselves to you on a daily basis, as an owner. We take care of what is necessary in order to get rid of the burden and the anxiety. You will have the support of a dynamic and efficient team to help you. In addition, our property services require no deposit or file opening fees and there is no long-term commitment.<\/p>\n<p>Discover the variety of our services by contacting us today. We will be happy to answer all your questions.<\/p>\n<\/p><\/div>\n<\/p><\/div>\n<p><!-- \/lc-block --><\/p>\n<div class=\"lc-block\">\n<div lc-helper=\"shortcode\" class=\"live-shortcode\"><a class=\"contact btn\" href=\"https:\/\/www.gestionmetropolis.ca\/fr\/contact\/\" aria-label=\"Get informed without obligation\">Get informed without obligation<\/a><\/div>\n<\/p><\/div>\n<p><!-- \/lc-block -->\n\t\t\t\t<\/div>\n<p><!-- \/col -->\n\t\t\t<\/div>\n<\/p><\/div>\n<\/section>\n<section class=\"services-container\" id=\"services\">\n<div class=\"container\">\n<div class=\"row\">\n<div class=\"col\">\n<div class=\"services\">\n<div class=\"lc-block\">\n<div editable=\"rich\" class=\"text-center\">\n<h2>Our services<\/h2>\n<p>We offer a variety of property management services in the Gatineau region.<\/p>\n<\/p><\/div>\n<\/p><\/div>\n<p><!-- \/lc-block --><\/p>\n<div class=\"lc-block\">\n<div lc-helper=\"shortcode\" class=\"live-shortcode\"><ul class=\"services_pages_list row\"><li class=\"service col-12 col-xl-4 col-xxl-3\"><a class=\"service-link\" href=\"https:\/\/www.gestionmetropolis.ca\/en\/residential-properties\/\"><span class=\"service-img\"><img decoding=\"async\" width=\"126\" height=\"126\" src=\"https:\/\/www.gestionmetropolis.ca\/wp-content\/uploads\/2020\/03\/house-icon.png\" class=\"attachment-full size-full wp-post-image\" alt=\"\" \/><\/span><span class=\"service-text\">Residential properties<\/span><\/a><\/li><li class=\"service col-12 col-xl-4 col-xxl-3\"><a class=\"service-link\" href=\"https:\/\/www.gestionmetropolis.ca\/en\/rental-properties\/\"><span class=\"service-img\"><img decoding=\"async\" width=\"116\" height=\"116\" src=\"https:\/\/www.gestionmetropolis.ca\/wp-content\/uploads\/2020\/03\/building-icon.png\" class=\"attachment-full size-full wp-post-image\" alt=\"\" \/><\/span><span class=\"service-text\">Rental properties<\/span><\/a><\/li><li class=\"service col-12 col-xl-4 col-xxl-3\"><a class=\"service-link\" href=\"https:\/\/www.gestionmetropolis.ca\/en\/accomodations-for-rent\/\"><span class=\"service-img\"><img decoding=\"async\" width=\"120\" height=\"120\" src=\"https:\/\/www.gestionmetropolis.ca\/wp-content\/uploads\/2020\/03\/rent-icon.png\" class=\"attachment-full size-full wp-post-image\" alt=\"\" \/><\/span><span class=\"service-text\">Accomodations for rent<\/span><\/a><\/li><\/ul><\/div>\n<\/p><\/div>\n<p><!-- \/lc-block -->\n\t\t\t\t\t<\/div>\n<\/p><\/div>\n<p><!-- \/col -->\n\t\t\t<\/div>\n<\/p><\/div>\n<\/section>\n<section class=\"video-container\">\n<div class=\"container\">\n<div class=\"row\">\n<div class=\"col-12\">\n<div class=\"video\">\n\t\t\t\t\t\t<video controls=\"\" preload=\"metadata\" poster=\"https:\/\/www.gestionmetropolis.ca\/wp-content\/uploads\/2022\/04\/metropolis-video-poster-en.jpg\"><source type=\"video\/mp4\" src=\"https:\/\/www.gestionmetropolis.ca\/wp-content\/uploads\/2022\/04\/en-gestion-immobiliere-metropolis-inc.mp4\"><\/video>\n\t\t\t\t\t<\/div>\n<\/p><\/div>\n<p><!-- \/col -->\n\t\t\t<\/div>\n<\/p><\/div>\n<\/section>\n<\/div>\n","protected":false},"excerpt":{"rendered":"<p>METROPOLIS PROPERTY MANAGEMENTEntrust us with the task of managing your residential properties in Gatineau. Ask about our services In Gatineau, we offer management of residential properties, rental properties and much more A reliable and comprehensive service of managing, renting, monitoring and maintaining properties held by lenders or by individuals. Whether your building is vacant because [&hellip;]<\/p>\n","protected":false},"author":3,"featured_media":69,"parent":0,"menu_order":1,"comment_status":"closed","ping_status":"closed","template":"","meta":{"footnotes":""},"categories":[6],"class_list":["post-32","page","type-page","status-publish","has-post-thumbnail","hentry","category-service-2"],"yoast_head":"<!-- This site is optimized with the Yoast SEO plugin v27.2 - https:\/\/yoast.com\/product\/yoast-seo-wordpress\/ -->\n<title>Residential property services in Gatineau | Gestion Metropolis<\/title>\n<meta name=\"description\" content=\"Our team takes care of the leasing, monitoring, and maintenance of your properties in Outaouais. Trust Metropolis Management for lawn mowing, snow removal, etc.\" \/>\n<meta name=\"robots\" content=\"index, follow, max-snippet:-1, max-image-preview:large, max-video-preview:-1\" \/>\n<link rel=\"canonical\" href=\"https:\/\/www.gestionmetropolis.ca\/en\/residential-properties\/\" \/>\n<meta property=\"og:locale\" content=\"en_US\" \/>\n<meta property=\"og:type\" content=\"article\" \/>\n<meta property=\"og:title\" content=\"Residential property services in Gatineau | Gestion Metropolis\" \/>\n<meta property=\"og:description\" content=\"Our team takes care of the leasing, monitoring, and maintenance of your properties in Outaouais. Trust Metropolis Management for lawn mowing, snow removal, etc.\" \/>\n<meta property=\"og:url\" content=\"https:\/\/www.gestionmetropolis.ca\/en\/residential-properties\/\" \/>\n<meta property=\"og:site_name\" content=\"Gestion Immobili\u00e8re Metropolis Inc\" \/>\n<meta property=\"article:modified_time\" content=\"2024-06-05T17:52:29+00:00\" \/>\n<meta property=\"og:image\" content=\"https:\/\/www.gestionmetropolis.ca\/wp-content\/uploads\/2020\/03\/house-icon.png\" \/>\n\t<meta property=\"og:image:width\" content=\"126\" \/>\n\t<meta property=\"og:image:height\" content=\"126\" \/>\n\t<meta property=\"og:image:type\" content=\"image\/png\" \/>\n<meta name=\"twitter:card\" content=\"summary_large_image\" \/>\n<meta name=\"twitter:label1\" content=\"Est. reading time\" \/>\n\t<meta name=\"twitter:data1\" content=\"2 minutes\" \/>\n<script type=\"application\/ld+json\" class=\"yoast-schema-graph\">{\"@context\":\"https:\/\/schema.org\",\"@graph\":[{\"@type\":\"WebPage\",\"@id\":\"https:\/\/www.gestionmetropolis.ca\/en\/residential-properties\/\",\"url\":\"https:\/\/www.gestionmetropolis.ca\/en\/residential-properties\/\",\"name\":\"Residential property services in Gatineau | Gestion Metropolis\",\"isPartOf\":{\"@id\":\"https:\/\/www.gestionmetropolis.ca\/en\/#website\"},\"primaryImageOfPage\":{\"@id\":\"https:\/\/www.gestionmetropolis.ca\/en\/residential-properties\/#primaryimage\"},\"image\":{\"@id\":\"https:\/\/www.gestionmetropolis.ca\/en\/residential-properties\/#primaryimage\"},\"thumbnailUrl\":\"https:\/\/www.gestionmetropolis.ca\/wp-content\/uploads\/2020\/03\/house-icon.png\",\"datePublished\":\"2020-03-27T10:53:03+00:00\",\"dateModified\":\"2024-06-05T17:52:29+00:00\",\"description\":\"Our team takes care of the leasing, monitoring, and maintenance of your properties in Outaouais. Trust Metropolis Management for lawn mowing, snow removal, etc.\",\"breadcrumb\":{\"@id\":\"https:\/\/www.gestionmetropolis.ca\/en\/residential-properties\/#breadcrumb\"},\"inLanguage\":\"en-US\",\"potentialAction\":[{\"@type\":\"ReadAction\",\"target\":[\"https:\/\/www.gestionmetropolis.ca\/en\/residential-properties\/\"]}]},{\"@type\":\"ImageObject\",\"inLanguage\":\"en-US\",\"@id\":\"https:\/\/www.gestionmetropolis.ca\/en\/residential-properties\/#primaryimage\",\"url\":\"https:\/\/www.gestionmetropolis.ca\/wp-content\/uploads\/2020\/03\/house-icon.png\",\"contentUrl\":\"https:\/\/www.gestionmetropolis.ca\/wp-content\/uploads\/2020\/03\/house-icon.png\",\"width\":126,\"height\":126},{\"@type\":\"BreadcrumbList\",\"@id\":\"https:\/\/www.gestionmetropolis.ca\/en\/residential-properties\/#breadcrumb\",\"itemListElement\":[{\"@type\":\"ListItem\",\"position\":1,\"name\":\"Home\",\"item\":\"https:\/\/www.gestionmetropolis.ca\/en\/\"},{\"@type\":\"ListItem\",\"position\":2,\"name\":\"Residential properties\"}]},{\"@type\":\"WebSite\",\"@id\":\"https:\/\/www.gestionmetropolis.ca\/en\/#website\",\"url\":\"https:\/\/www.gestionmetropolis.ca\/en\/\",\"name\":\"Gestion Immobili\u00e8re Metropolis Inc\",\"description\":\"Gestion de propri\u00e9t\u00e9s \u00e0 Gatineau\",\"publisher\":{\"@id\":\"https:\/\/www.gestionmetropolis.ca\/en\/#organization\"},\"potentialAction\":[{\"@type\":\"SearchAction\",\"target\":{\"@type\":\"EntryPoint\",\"urlTemplate\":\"https:\/\/www.gestionmetropolis.ca\/en\/?s={search_term_string}\"},\"query-input\":{\"@type\":\"PropertyValueSpecification\",\"valueRequired\":true,\"valueName\":\"search_term_string\"}}],\"inLanguage\":\"en-US\"},{\"@type\":\"Organization\",\"@id\":\"https:\/\/www.gestionmetropolis.ca\/en\/#organization\",\"name\":\"Gestion Immobili\u00e8re Metropolis Inc\",\"url\":\"https:\/\/www.gestionmetropolis.ca\/en\/\",\"logo\":{\"@type\":\"ImageObject\",\"inLanguage\":\"en-US\",\"@id\":\"https:\/\/www.gestionmetropolis.ca\/en\/#\/schema\/logo\/image\/\",\"url\":\"https:\/\/www.gestionmetropolis.ca\/wp-content\/uploads\/2020\/03\/logo.png\",\"contentUrl\":\"https:\/\/www.gestionmetropolis.ca\/wp-content\/uploads\/2020\/03\/logo.png\",\"width\":760,\"height\":191,\"caption\":\"Gestion Immobili\u00e8re Metropolis Inc\"},\"image\":{\"@id\":\"https:\/\/www.gestionmetropolis.ca\/en\/#\/schema\/logo\/image\/\"}}]}<\/script>\n<!-- \/ Yoast SEO plugin. -->","yoast_head_json":{"title":"Residential property services in Gatineau | Gestion Metropolis","description":"Our team takes care of the leasing, monitoring, and maintenance of your properties in Outaouais. Trust Metropolis Management for lawn mowing, snow removal, etc.","robots":{"index":"index","follow":"follow","max-snippet":"max-snippet:-1","max-image-preview":"max-image-preview:large","max-video-preview":"max-video-preview:-1"},"canonical":"https:\/\/www.gestionmetropolis.ca\/en\/residential-properties\/","og_locale":"en_US","og_type":"article","og_title":"Residential property services in Gatineau | Gestion Metropolis","og_description":"Our team takes care of the leasing, monitoring, and maintenance of your properties in Outaouais. Trust Metropolis Management for lawn mowing, snow removal, etc.","og_url":"https:\/\/www.gestionmetropolis.ca\/en\/residential-properties\/","og_site_name":"Gestion Immobili\u00e8re Metropolis Inc","article_modified_time":"2024-06-05T17:52:29+00:00","og_image":[{"width":126,"height":126,"url":"https:\/\/www.gestionmetropolis.ca\/wp-content\/uploads\/2020\/03\/house-icon.png","type":"image\/png"}],"twitter_card":"summary_large_image","twitter_misc":{"Est. reading time":"2 minutes"},"schema":{"@context":"https:\/\/schema.org","@graph":[{"@type":"WebPage","@id":"https:\/\/www.gestionmetropolis.ca\/en\/residential-properties\/","url":"https:\/\/www.gestionmetropolis.ca\/en\/residential-properties\/","name":"Residential property services in Gatineau | Gestion Metropolis","isPartOf":{"@id":"https:\/\/www.gestionmetropolis.ca\/en\/#website"},"primaryImageOfPage":{"@id":"https:\/\/www.gestionmetropolis.ca\/en\/residential-properties\/#primaryimage"},"image":{"@id":"https:\/\/www.gestionmetropolis.ca\/en\/residential-properties\/#primaryimage"},"thumbnailUrl":"https:\/\/www.gestionmetropolis.ca\/wp-content\/uploads\/2020\/03\/house-icon.png","datePublished":"2020-03-27T10:53:03+00:00","dateModified":"2024-06-05T17:52:29+00:00","description":"Our team takes care of the leasing, monitoring, and maintenance of your properties in Outaouais. Trust Metropolis Management for lawn mowing, snow removal, etc.","breadcrumb":{"@id":"https:\/\/www.gestionmetropolis.ca\/en\/residential-properties\/#breadcrumb"},"inLanguage":"en-US","potentialAction":[{"@type":"ReadAction","target":["https:\/\/www.gestionmetropolis.ca\/en\/residential-properties\/"]}]},{"@type":"ImageObject","inLanguage":"en-US","@id":"https:\/\/www.gestionmetropolis.ca\/en\/residential-properties\/#primaryimage","url":"https:\/\/www.gestionmetropolis.ca\/wp-content\/uploads\/2020\/03\/house-icon.png","contentUrl":"https:\/\/www.gestionmetropolis.ca\/wp-content\/uploads\/2020\/03\/house-icon.png","width":126,"height":126},{"@type":"BreadcrumbList","@id":"https:\/\/www.gestionmetropolis.ca\/en\/residential-properties\/#breadcrumb","itemListElement":[{"@type":"ListItem","position":1,"name":"Home","item":"https:\/\/www.gestionmetropolis.ca\/en\/"},{"@type":"ListItem","position":2,"name":"Residential properties"}]},{"@type":"WebSite","@id":"https:\/\/www.gestionmetropolis.ca\/en\/#website","url":"https:\/\/www.gestionmetropolis.ca\/en\/","name":"Gestion Immobili\u00e8re Metropolis Inc","description":"Gestion de propri\u00e9t\u00e9s \u00e0 Gatineau","publisher":{"@id":"https:\/\/www.gestionmetropolis.ca\/en\/#organization"},"potentialAction":[{"@type":"SearchAction","target":{"@type":"EntryPoint","urlTemplate":"https:\/\/www.gestionmetropolis.ca\/en\/?s={search_term_string}"},"query-input":{"@type":"PropertyValueSpecification","valueRequired":true,"valueName":"search_term_string"}}],"inLanguage":"en-US"},{"@type":"Organization","@id":"https:\/\/www.gestionmetropolis.ca\/en\/#organization","name":"Gestion Immobili\u00e8re Metropolis Inc","url":"https:\/\/www.gestionmetropolis.ca\/en\/","logo":{"@type":"ImageObject","inLanguage":"en-US","@id":"https:\/\/www.gestionmetropolis.ca\/en\/#\/schema\/logo\/image\/","url":"https:\/\/www.gestionmetropolis.ca\/wp-content\/uploads\/2020\/03\/logo.png","contentUrl":"https:\/\/www.gestionmetropolis.ca\/wp-content\/uploads\/2020\/03\/logo.png","width":760,"height":191,"caption":"Gestion Immobili\u00e8re Metropolis Inc"},"image":{"@id":"https:\/\/www.gestionmetropolis.ca\/en\/#\/schema\/logo\/image\/"}}]}},"_links":{"self":[{"href":"https:\/\/www.gestionmetropolis.ca\/en\/wp-json\/wp\/v2\/pages\/32","targetHints":{"allow":["GET"]}}],"collection":[{"href":"https:\/\/www.gestionmetropolis.ca\/en\/wp-json\/wp\/v2\/pages"}],"about":[{"href":"https:\/\/www.gestionmetropolis.ca\/en\/wp-json\/wp\/v2\/types\/page"}],"author":[{"embeddable":true,"href":"https:\/\/www.gestionmetropolis.ca\/en\/wp-json\/wp\/v2\/users\/3"}],"replies":[{"embeddable":true,"href":"https:\/\/www.gestionmetropolis.ca\/en\/wp-json\/wp\/v2\/comments?post=32"}],"version-history":[{"count":21,"href":"https:\/\/www.gestionmetropolis.ca\/en\/wp-json\/wp\/v2\/pages\/32\/revisions"}],"predecessor-version":[{"id":354,"href":"https:\/\/www.gestionmetropolis.ca\/en\/wp-json\/wp\/v2\/pages\/32\/revisions\/354"}],"wp:featuredmedia":[{"embeddable":true,"href":"https:\/\/www.gestionmetropolis.ca\/en\/wp-json\/wp\/v2\/media\/69"}],"wp:attachment":[{"href":"https:\/\/www.gestionmetropolis.ca\/en\/wp-json\/wp\/v2\/media?parent=32"}],"wp:term":[{"taxonomy":"category","embeddable":true,"href":"https:\/\/www.gestionmetropolis.ca\/en\/wp-json\/wp\/v2\/categories?post=32"}],"curies":[{"name":"wp","href":"https:\/\/api.w.org\/{rel}","templated":true}]}}